{"id":9998,"date":"2022-11-30T22:03:14","date_gmt":"2022-11-30T19:03:14","guid":{"rendered":"http:\/\/mysa.tc\/?page_id=9998"},"modified":"2023-04-10T06:55:30","modified_gmt":"2023-04-10T03:55:30","slug":"engage-branded-call","status":"publish","type":"page","link":"https:\/\/mysa.tc\/en\/engage-branded-call\/","title":{"rendered":"ENGAGE\u00ae Branded Call"},"content":{"rendered":"<div data-elementor-type=\"wp-page\" data-elementor-id=\"9998\" class=\"elementor elementor-9998\" data-elementor-post-type=\"page\">\n\t\t\t\t\t\t<section class=\"elementor-section elementor-top-section elementor-element elementor-element-b5feb80 elementor-section-boxed elementor-section-height-default elementor-section-height-default\" data-id=\"b5feb80\" data-element_type=\"section\">\n\t\t\t\t\t\t<div class=\"elementor-container elementor-column-gap-wider\">\n\t\t\t\t\t<div class=\"elementor-column elementor-col-50 elementor-top-column elementor-element elementor-element-cb0dcff\" data-id=\"cb0dcff\" data-element_type=\"column\">\n\t\t\t<div class=\"elementor-widget-wrap elementor-element-populated\">\n\t\t\t\t\t\t<div class=\"elementor-element elementor-element-dd055b8 elementor-widget elementor-widget-heading\" data-id=\"dd055b8\" data-element_type=\"widget\" data-widget_type=\"heading.default\">\n\t\t\t\t<div class=\"elementor-widget-container\">\n\t\t\t<h2 class=\"elementor-heading-title elementor-size-default\">Next-Generation Customer Communication:<\/h2>\t\t<\/div>\n\t\t\t\t<\/div>\n\t\t\t\t\t<\/div>\n\t\t<\/div>\n\t\t\t\t<div class=\"elementor-column elementor-col-50 elementor-top-column elementor-element elementor-element-0bdf89b\" data-id=\"0bdf89b\" data-element_type=\"column\">\n\t\t\t<div class=\"elementor-widget-wrap elementor-element-populated\">\n\t\t\t\t\t\t<div class=\"elementor-element elementor-element-199d4da elementor-widget elementor-widget-image\" data-id=\"199d4da\" data-element_type=\"widget\" data-widget_type=\"image.default\">\n\t\t\t\t<div class=\"elementor-widget-container\">\n\t\t\t\t\t\t\t\t\t\t\t\t\t<img fetchpriority=\"high\" decoding=\"async\" width=\"768\" height=\"180\" src=\"https:\/\/mysa.tc\/wp-content\/uploads\/2022\/11\/FO-Horizontal-Blue-1-768x180.webp\" class=\"attachment-medium_large size-medium_large wp-image-10004\" alt=\"is-ortaklarimiz-first-orion\" srcset=\"https:\/\/mysa.tc\/wp-content\/uploads\/2022\/11\/FO-Horizontal-Blue-1-768x180.webp 768w, https:\/\/mysa.tc\/wp-content\/uploads\/2022\/11\/FO-Horizontal-Blue-1-300x70.webp 300w, https:\/\/mysa.tc\/wp-content\/uploads\/2022\/11\/FO-Horizontal-Blue-1-1024x240.webp 1024w, https:\/\/mysa.tc\/wp-content\/uploads\/2022\/11\/FO-Horizontal-Blue-1.webp 1281w\" sizes=\"(max-width: 768px) 100vw, 768px\" \/>\t\t\t\t\t\t\t\t\t\t\t\t\t<\/div>\n\t\t\t\t<\/div>\n\t\t\t\t\t<\/div>\n\t\t<\/div>\n\t\t\t\t\t<\/div>\n\t\t<\/section>\n\t\t\t\t<section class=\"elementor-section elementor-top-section elementor-element elementor-element-c6b87d1 elementor-section-boxed elementor-section-height-default elementor-section-height-default\" data-id=\"c6b87d1\" data-element_type=\"section\">\n\t\t\t\t\t\t<div class=\"elementor-container elementor-column-gap-default\">\n\t\t\t\t\t<div class=\"elementor-column elementor-col-50 elementor-top-column elementor-element elementor-element-0b3dfa6\" data-id=\"0b3dfa6\" data-element_type=\"column\">\n\t\t\t<div class=\"elementor-widget-wrap elementor-element-populated\">\n\t\t\t\t\t\t<div class=\"elementor-element elementor-element-8304c65 elementor-widget elementor-widget-image\" data-id=\"8304c65\" data-element_type=\"widget\" data-widget_type=\"image.default\">\n\t\t\t\t<div class=\"elementor-widget-container\">\n\t\t\t\t\t\t\t\t\t\t\t\t\t<img decoding=\"async\" width=\"601\" height=\"824\" src=\"https:\/\/mysa.tc\/wp-content\/uploads\/2023\/03\/engage-call-marka-cagrisi.jpg\" class=\"attachment-full size-full wp-image-10979\" alt=\"engage-call-marka-cagrisi\" srcset=\"https:\/\/mysa.tc\/wp-content\/uploads\/2023\/03\/engage-call-marka-cagrisi.jpg 601w, https:\/\/mysa.tc\/wp-content\/uploads\/2023\/03\/engage-call-marka-cagrisi-219x300.jpg 219w, https:\/\/mysa.tc\/wp-content\/uploads\/2023\/03\/engage-call-marka-cagrisi-9x12.jpg 9w\" sizes=\"(max-width: 601px) 100vw, 601px\" \/>\t\t\t\t\t\t\t\t\t\t\t\t\t<\/div>\n\t\t\t\t<\/div>\n\t\t\t\t\t<\/div>\n\t\t<\/div>\n\t\t\t\t<div class=\"elementor-column elementor-col-50 elementor-top-column elementor-element elementor-element-b5ad727\" data-id=\"b5ad727\" data-element_type=\"column\">\n\t\t\t<div class=\"elementor-widget-wrap elementor-element-populated\">\n\t\t\t\t\t\t<div class=\"elementor-element elementor-element-c3f4659 widget-divider-yes the7-e-tabs-nav-justify-space-around the7-e-tabs-view-horizontal icon-align-left elementor-widget elementor-widget-the7-tabs\" data-id=\"c3f4659\" data-element_type=\"widget\" data-settings=\"{&quot;accordion_breakpoint&quot;:&quot;none&quot;}\" data-widget_type=\"the7-tabs.default\">\n\t\t\t\t<div class=\"elementor-widget-container\">\n\t\t\t\t<div class=\"the7-e-tabs-wrapper\">\n\t\t<div class=\"the7-e-tabs-nav-wrapper\">\n\t\t\t<div class=\"the7-e-tabs-nav-scroll-wrapper\">\n\t\t\t\t<div class=\"the7-e-tabs-nav\" role=\"tablist\">\n\t\t\t\t\t\t\t\t\t\t<span class=\"item-divider\" aria-hidden=\"true\"><\/span>\n\t\t\t\t\t\t\t\t\t\t\t\t<div id=\"the7-e-tab-title-2051\" class=\"the7-e-tab-title\" aria-selected=\"true\" data-tab=\"1\" role=\"tab\" tabindex=\"0\" aria-controls=\"the7-e-tab-content-2051\" aria-expanded=\"false\">\n\t\t\t\t\t\t\t\t\t\t\t\t\t\t<h5 class=\"the7-e-tab-title-text\">\n\t\t\t\t\t\t\tWhat is ENGAGE\u00ae Branded Call?\t\t\t\t\t\t\t<\/h5>\n\t\t\t\t\t\t<\/div>\n\t\t\t\t\t\t<span class=\"item-divider\" aria-hidden=\"true\"><\/span>\n\t\t\t\t\t\t\t\t\t\t\t<div id=\"the7-e-tab-title-2052\" class=\"the7-e-tab-title\" aria-selected=\"false\" data-tab=\"2\" role=\"tab\" tabindex=\"-1\" aria-controls=\"the7-e-tab-content-2052\" aria-expanded=\"false\">\n\t\t\t\t\t\t\t\t\t\t\t\t\t\t<h5 class=\"the7-e-tab-title-text\">\n\t\t\t\t\t\t\tHow to use ENGAGE\u00ae Branded Call?\t\t\t\t\t\t\t<\/h5>\n\t\t\t\t\t\t<\/div>\n\t\t\t\t\t\t<span class=\"item-divider\" aria-hidden=\"true\"><\/span>\n\t\t\t\t\t\t\t\t\t<\/div>\n\t\t\t<\/div>\n\t\t\t<div class=\"the7-e-tab-nav-button left-button\"><\/div>\n\t\t\t<div class=\"the7-e-tab-nav-button right-button\"><\/div>\n\t\t<\/div>\n\t\t<div class=\"the7-e-tabs-content\" role=\"tablist\" aria-orientation=\"vertical\">\n\t\t\t<span class=\"item-divider\" aria-hidden=\"true\"><\/span>\n\t\t\t\t\t\t\t<div class=\"the7-e-tab-item-wrapper\" data-tab=\"1\">\n\t\t\t\t\t<div class=\"the7-e-tab-title\" aria-selected=\"true\" data-tab=\"1\" role=\"tab\" tabindex=\"0\" aria-controls=\"elementor-tab-content-2051\" aria-expanded=\"false\">\n\t\t\t\t\t\t\t\t\t\t\t\t<h5 class=\"the7-e-tab-title-text\">\n\t\t\t\t\t\t\tWhat is ENGAGE\u00ae Branded Call?\t\t\t\t\t\t<\/h5>\n\t\t\t\t\t<\/div>\n\t\t\t\t\t<div id=\"the7-e-tab-content-2051\" class=\"the7-e-tab-content the7-e-tab-text-content\" data-tab=\"1\" role=\"tabpanel\" aria-labelledby=\"the7-e-tab-title-2051\" tabindex=\"0\" hidden=\"false\"><div style=\"text-align: left;\"><p class=\" translation-block\"><h4>Are your business calls not being answered as much as you want them to?<\/h4>\n\nCurrently, <strong>9 out of 10 people  do not answer phone calls<\/strong> from unknown or unfamiliar numbers. This creates a significant workload for businesses that need to reach their customers, disrupting their workflow.<\/p><p class=\" translation-block\">Our world-leading partner in call transparency solutions, <a style=\"color: #172eff\" href=\"https:\/\/firstorion.com\/engage\/\" target=\"_blank\" rel=\"noopener\">First Orion<\/a>, offers the ENGAGE\u00ae Branded Call technology as a solution to this problem, allowing customers to <strong>confidently answer calls<\/strong> from recognized brands and businesses.<\/p><p>With ENGAGE\u00ae Branded Call:<\/p><ul><li>Your brand<\/li><li>Your Logo<\/li><li>Your message will appear on your customers' phones when you make a call.<\/li><\/ul><p class=\" translation-block\"><strong>Allowing you to increase your answer rates by up to 2x<\/strong> and extend conversation times by providing a secure calling experience.<\/p><p>You can use this next-generation customer communication technology, ENGAGE\u00ae, as a natural digital marketing tool to add value to your brand.<\/p><\/div><\/div>\n\t\t\t\t<\/div>\n\t\t\t\t<span class=\"item-divider\" aria-hidden=\"true\"><\/span>\n\t\t\t\t\t\t\t<div class=\"the7-e-tab-item-wrapper\" data-tab=\"2\">\n\t\t\t\t\t<div class=\"the7-e-tab-title\" aria-selected=\"false\" data-tab=\"2\" role=\"tab\" tabindex=\"-1\" aria-controls=\"elementor-tab-content-2052\" aria-expanded=\"false\">\n\t\t\t\t\t\t\t\t\t\t\t\t<h5 class=\"the7-e-tab-title-text\">\n\t\t\t\t\t\t\tHow to use ENGAGE\u00ae Branded Call?\t\t\t\t\t\t<\/h5>\n\t\t\t\t\t<\/div>\n\t\t\t\t\t<div id=\"the7-e-tab-content-2052\" class=\"the7-e-tab-content the7-e-tab-text-content\" data-tab=\"2\" role=\"tabpanel\" aria-labelledby=\"the7-e-tab-title-2052\" tabindex=\"0\" hidden=\"hidden\"><p class=\" translation-block\">To use the ENGAGE\u00ae technology, it is enough to <strong>add a simple SDK<\/strong> to your business\u2019 mobile application!<\/p><p class=\" translation-block\">It\u2019s designed to be <strong>compatible with all Call Center systems<\/strong>.<\/p><p class=\" translation-block\"><strong>Your logo<\/strong>, <strong>brand<\/strong>, and <strong>call message<\/strong> are displayed on the customer's phone via the application just seconds before the call, preserving the natural calling experience. This way, your customer can safely answer the call by seeing <strong>who is calling and why they are calling.<\/strong>\n\u00a0<\/p><p><strong>ENGAGE\u00ae Branded Call:<\/strong><\/p><ul><li>Compatible with IOS and Android phones.<\/li><li>Provides a natural calling experience.<\/li><li>Compliant with all Privacy and Data Protection Standards (KVKK + GDPR).<\/li><li>Increases customer satisfaction with a CRM focus.<\/li><li>Protects brand with secure content delivery<\/li><li class=\" translation-block\">Improves workflow by <strong>increasing answer rates up to 2x<\/strong>.<\/li><\/ul><\/div>\n\t\t\t\t<\/div>\n\t\t\t\t<span class=\"item-divider\" aria-hidden=\"true\"><\/span>\n\t\t\t\t\t<\/div>\n\t<\/div>\n\t\t\t\t<\/div>\n\t\t\t\t<\/div>\n\t\t\t\t\t<\/div>\n\t\t<\/div>\n\t\t\t\t\t<\/div>\n\t\t<\/section>\n\t\t\t\t<section class=\"elementor-section elementor-top-section elementor-element elementor-element-3c59368 elementor-section-boxed elementor-section-height-default elementor-section-height-default\" data-id=\"3c59368\" data-element_type=\"section\">\n\t\t\t\t\t\t<div class=\"elementor-container elementor-column-gap-default\">\n\t\t\t\t\t<div class=\"elementor-column elementor-col-100 elementor-top-column elementor-element elementor-element-6928b73\" data-id=\"6928b73\" data-element_type=\"column\">\n\t\t\t<div class=\"elementor-widget-wrap elementor-element-populated\">\n\t\t\t\t\t\t<div class=\"elementor-element elementor-element-04987cb elementor-widget elementor-widget-spacer\" data-id=\"04987cb\" data-element_type=\"widget\" data-widget_type=\"spacer.default\">\n\t\t\t\t<div class=\"elementor-widget-container\">\n\t\t\t\t\t<div class=\"elementor-spacer\">\n\t\t\t<div class=\"elementor-spacer-inner\"><\/div>\n\t\t<\/div>\n\t\t\t\t<\/div>\n\t\t\t\t<\/div>\n\t\t\t\t\t<\/div>\n\t\t<\/div>\n\t\t\t\t\t<\/div>\n\t\t<\/section>\n\t\t\t\t<section class=\"elementor-section elementor-top-section elementor-element elementor-element-0b524f1 elementor-section-boxed elementor-section-height-default elementor-section-height-default\" data-id=\"0b524f1\" data-element_type=\"section\">\n\t\t\t\t\t\t<div class=\"elementor-container elementor-column-gap-default\">\n\t\t\t\t\t<div class=\"elementor-column elementor-col-100 elementor-top-column elementor-element elementor-element-eab15aa\" data-id=\"eab15aa\" data-element_type=\"column\">\n\t\t\t<div class=\"elementor-widget-wrap elementor-element-populated\">\n\t\t\t\t\t\t<div class=\"elementor-element elementor-element-c5d8f9d elementor-widget elementor-widget-image\" data-id=\"c5d8f9d\" data-element_type=\"widget\" data-widget_type=\"image.default\">\n\t\t\t\t<div class=\"elementor-widget-container\">\n\t\t\t\t\t\t\t\t\t\t\t\t\t<img decoding=\"async\" width=\"1000\" height=\"600\" src=\"https:\/\/mysa.tc\/wp-content\/uploads\/2023\/03\/engage_ekran_farklari_banner.jpg\" class=\"attachment-large size-large wp-image-10985\" alt=\"engage_ekran_farklari_banner\" srcset=\"https:\/\/mysa.tc\/wp-content\/uploads\/2023\/03\/engage_ekran_farklari_banner.jpg 1000w, https:\/\/mysa.tc\/wp-content\/uploads\/2023\/03\/engage_ekran_farklari_banner-300x180.jpg 300w, https:\/\/mysa.tc\/wp-content\/uploads\/2023\/03\/engage_ekran_farklari_banner-768x461.jpg 768w, https:\/\/mysa.tc\/wp-content\/uploads\/2023\/03\/engage_ekran_farklari_banner-18x12.jpg 18w\" sizes=\"(max-width: 1000px) 100vw, 1000px\" \/>\t\t\t\t\t\t\t\t\t\t\t\t\t<\/div>\n\t\t\t\t<\/div>\n\t\t\t\t\t<\/div>\n\t\t<\/div>\n\t\t\t\t\t<\/div>\n\t\t<\/section>\n\t\t\t\t<section class=\"elementor-section elementor-top-section elementor-element elementor-element-cb85978 elementor-section-boxed elementor-section-height-default elementor-section-height-default\" data-id=\"cb85978\" data-element_type=\"section\">\n\t\t\t\t\t\t<div class=\"elementor-container elementor-column-gap-default\">\n\t\t\t\t\t<div class=\"elementor-column elementor-col-100 elementor-top-column elementor-element elementor-element-3e15b29\" data-id=\"3e15b29\" data-element_type=\"column\">\n\t\t\t<div class=\"elementor-widget-wrap elementor-element-populated\">\n\t\t\t\t\t\t<div class=\"elementor-element elementor-element-e404c2e elementor-widget elementor-widget-heading\" data-id=\"e404c2e\" data-element_type=\"widget\" data-widget_type=\"heading.default\">\n\t\t\t\t<div class=\"elementor-widget-container\">\n\t\t\t<h3 class=\"elementor-heading-title elementor-size-default\">The new generation communication technology used by the world's leading companies is now available in Turkey!<\/h3>\t\t<\/div>\n\t\t\t\t<\/div>\n\t\t\t\t\t<\/div>\n\t\t<\/div>\n\t\t\t\t\t<\/div>\n\t\t<\/section>\n\t\t\t\t<section class=\"elementor-section elementor-top-section elementor-element elementor-element-0422efe elementor-section-boxed elementor-section-height-default elementor-section-height-default\" data-id=\"0422efe\" data-element_type=\"section\">\n\t\t\t\t\t\t<div class=\"elementor-container elementor-column-gap-default\">\n\t\t\t\t\t<div class=\"elementor-column elementor-col-100 elementor-top-column elementor-element elementor-element-1dfa4f4\" data-id=\"1dfa4f4\" data-element_type=\"column\">\n\t\t\t<div class=\"elementor-widget-wrap elementor-element-populated\">\n\t\t\t\t\t\t<div class=\"elementor-element elementor-element-c41cf7d elementor-widget elementor-widget-image\" data-id=\"c41cf7d\" data-element_type=\"widget\" data-widget_type=\"image.default\">\n\t\t\t\t<div class=\"elementor-widget-container\">\n\t\t\t\t\t\t\t\t\t\t\t\t\t<img loading=\"lazy\" decoding=\"async\" width=\"1000\" height=\"600\" src=\"https:\/\/mysa.tc\/wp-content\/uploads\/2023\/03\/iyibank_afiyetle_iyicell_acik.jpg\" class=\"attachment-large size-large wp-image-10980\" alt=\"iyibank_afiyetle_iyicell_acik\" srcset=\"https:\/\/mysa.tc\/wp-content\/uploads\/2023\/03\/iyibank_afiyetle_iyicell_acik.jpg 1000w, https:\/\/mysa.tc\/wp-content\/uploads\/2023\/03\/iyibank_afiyetle_iyicell_acik-300x180.jpg 300w, https:\/\/mysa.tc\/wp-content\/uploads\/2023\/03\/iyibank_afiyetle_iyicell_acik-768x461.jpg 768w, https:\/\/mysa.tc\/wp-content\/uploads\/2023\/03\/iyibank_afiyetle_iyicell_acik-18x12.jpg 18w\" sizes=\"(max-width: 1000px) 100vw, 1000px\" \/>\t\t\t\t\t\t\t\t\t\t\t\t\t<\/div>\n\t\t\t\t<\/div>\n\t\t\t\t\t<\/div>\n\t\t<\/div>\n\t\t\t\t\t<\/div>\n\t\t<\/section>\n\t\t\t\t<section class=\"elementor-section elementor-top-section elementor-element elementor-element-380f8cd1 elementor-section-stretched elementor-section-full_width elementor-section-height-default elementor-section-height-default\" data-id=\"380f8cd1\" data-element_type=\"section\" data-settings=\"{&quot;stretch_section&quot;:&quot;section-stretched&quot;,&quot;background_background&quot;:&quot;classic&quot;}\">\n\t\t\t\t\t\t\t<div class=\"elementor-background-overlay\"><\/div>\n\t\t\t\t\t\t\t<div class=\"elementor-container elementor-column-gap-wider\">\n\t\t\t\t\t<div class=\"elementor-column elementor-col-100 elementor-top-column elementor-element elementor-element-36ed57ec\" data-id=\"36ed57ec\" data-element_type=\"column\" data-settings=\"{&quot;background_background&quot;:&quot;classic&quot;}\">\n\t\t\t<div class=\"elementor-widget-wrap elementor-element-populated\">\n\t\t\t\t\t\t<section class=\"elementor-section elementor-inner-section elementor-element elementor-element-1c47da1c elementor-section-boxed elementor-section-height-default elementor-section-height-default\" data-id=\"1c47da1c\" data-element_type=\"section\">\n\t\t\t\t\t\t<div class=\"elementor-container elementor-column-gap-wider\">\n\t\t\t\t\t<div class=\"elementor-column elementor-col-100 elementor-inner-column elementor-element elementor-element-7813eda\" data-id=\"7813eda\" data-element_type=\"column\">\n\t\t\t<div class=\"elementor-widget-wrap elementor-element-populated\">\n\t\t\t\t\t\t<div class=\"elementor-element elementor-element-79936268 elementor-widget elementor-widget-heading\" data-id=\"79936268\" data-element_type=\"widget\" data-widget_type=\"heading.default\">\n\t\t\t\t<div class=\"elementor-widget-container\">\n\t\t\t<h3 class=\"elementor-heading-title elementor-size-default\">Learn more about our products and services!<\/h3>\t\t<\/div>\n\t\t\t\t<\/div>\n\t\t\t\t<div class=\"elementor-element elementor-element-5f79adfa elementor-mobile-align-center elementor-tablet-align-center elementor-widget elementor-widget-the7_button_widget\" data-id=\"5f79adfa\" data-element_type=\"widget\" data-widget_type=\"the7_button_widget.default\">\n\t\t\t\t<div class=\"elementor-widget-container\">\n\t\t\t<div class=\"elementor-button-wrapper\"><a href=\"https:\/\/mysa.tc\/en\/iletisim\/\" class=\"box-button elementor-button elementor-size-lg\">Contact Us<i aria-hidden=\"true\" class=\"elementor-button-icon  icomoon-the7-font-the7-mail-03\"><\/i><\/a><\/div>\t\t<\/div>\n\t\t\t\t<\/div>\n\t\t\t\t\t<\/div>\n\t\t<\/div>\n\t\t\t\t\t<\/div>\n\t\t<\/section>\n\t\t\t\t<section class=\"elementor-section elementor-inner-section elementor-element elementor-element-4ab90d6f elementor-section-boxed elementor-section-height-default elementor-section-height-default\" data-id=\"4ab90d6f\" data-element_type=\"section\">\n\t\t\t\t\t\t<div class=\"elementor-container elementor-column-gap-default\">\n\t\t\t\t\t<div class=\"elementor-column elementor-col-50 elementor-inner-column elementor-element elementor-element-30f4d587\" data-id=\"30f4d587\" data-element_type=\"column\">\n\t\t\t<div class=\"elementor-widget-wrap elementor-element-populated\">\n\t\t\t\t\t\t<div class=\"elementor-element elementor-element-6d55e142 content-align-mobile-center icon-position-mobile-top icon-vertical-align-mobile-center icon-vertical-align-center elementor-widget__width-auto icon-box-vertical-align-top icon-position-left elementor-widget elementor-widget-the7_icon_box_widget\" data-id=\"6d55e142\" data-element_type=\"widget\" data-widget_type=\"the7_icon_box_widget.default\">\n\t\t\t\t<div class=\"elementor-widget-container\">\n\t\t\t\n\t\t<div class=\"the7-box-wrapper the7-elementor-widget the7_icon_box_widget-6d55e142\">\t\t\t<div class=\"box-content-wrapper\">\n\t\t\t\t\t\t\t\t\t<a class=\"elementor-icon-div\" href=\"tel: 902165594000\" target=\"_blank\">\t\t\t\t\t\t<div class=\"elementor-icon\">\n\t\t\t\t\t\t\t<i aria-hidden=\"true\" class=\"fas fa-phone-alt\"><\/i>\t\t\t\t\t\t<\/div>\n\t\t\t\t\t<\/a>\t\t\t\t\t\t\t\t<div class=\"box-content\">\n\t\t\t\t\t\t\t\t\t\t\t\t\t\t\t\t\t<h4 class=\"box-heading\">\n\t\t\t\t\t\t\t<a href=\"tel: 902165594000\" target=\"_blank\">\t\t\t\t\t\t\t\t+90 216 559 40 00\t\t\t\t\t\t\t<\/a>\t\t\t\t\t\t<\/h4>\n\t\t\t\t\t\t\t\t\t\t\n\t\t\t\t\t\n\t\t\t\t<\/div>\n\t\t\t<\/div>\n\t\t<\/div>\t\t\t<\/div>\n\t\t\t\t<\/div>\n\t\t\t\t\t<\/div>\n\t\t<\/div>\n\t\t\t\t<div class=\"elementor-column elementor-col-50 elementor-inner-column elementor-element elementor-element-5a523678\" data-id=\"5a523678\" data-element_type=\"column\">\n\t\t\t<div class=\"elementor-widget-wrap elementor-element-populated\">\n\t\t\t\t\t\t<div class=\"elementor-element elementor-element-4cbedb3a content-align-mobile-center icon-position-mobile-top icon-vertical-align-mobile-center icon-vertical-align-center elementor-widget__width-auto icon-box-vertical-align-top icon-position-left elementor-widget elementor-widget-the7_icon_box_widget\" data-id=\"4cbedb3a\" data-element_type=\"widget\" data-widget_type=\"the7_icon_box_widget.default\">\n\t\t\t\t<div class=\"elementor-widget-container\">\n\t\t\t\n\t\t<div class=\"the7-box-wrapper the7-elementor-widget the7_icon_box_widget-4cbedb3a\">\t\t\t<div class=\"box-content-wrapper\">\n\t\t\t\t\t\t\t\t\t<a class=\"elementor-icon-div\" href=\"mailto:info@mysa.tc\">\t\t\t\t\t\t<div class=\"elementor-icon\">\n\t\t\t\t\t\t\t<i aria-hidden=\"true\" class=\"icomoon-the7-font-the7-mail-01\"><\/i>\t\t\t\t\t\t<\/div>\n\t\t\t\t\t<\/a>\t\t\t\t\t\t\t\t<div class=\"box-content\">\n\t\t\t\t\t\t\t\t\t\t\t\t\t\t\t\t\t<h4 class=\"box-heading\">\n\t\t\t\t\t\t\t<a href=\"mailto:info@mysa.tc\">\t\t\t\t\t\t\t\tinfo@mysa.tc\t\t\t\t\t\t\t<\/a>\t\t\t\t\t\t<\/h4>\n\t\t\t\t\t\t\t\t\t\t\n\t\t\t\t\t\n\t\t\t\t<\/div>\n\t\t\t<\/div>\n\t\t<\/div>\t\t\t<\/div>\n\t\t\t\t<\/div>\n\t\t\t\t\t<\/div>\n\t\t<\/div>\n\t\t\t\t\t<\/div>\n\t\t<\/section>\n\t\t\t\t\t<\/div>\n\t\t<\/div>\n\t\t\t\t\t<\/div>\n\t\t<\/section>\n\t\t\t\t<\/div>","protected":false},"excerpt":{"rendered":"<p>Yeni Nesil M\u00fc\u015fteri \u0130leti\u015fimi: ENGAGE\u00ae Branded Call Nedir? ENGAGE\u00ae Branded Call nas\u0131l kullan\u0131l\u0131r? ENGAGE\u00ae Branded Call Nedir? G\u00fcn\u00fcm\u00fczde 10 ki\u015fiden 9\u2019u bilmedi\u011fi veya tan\u0131mad\u0131\u011f\u0131 numaralardan gelen telefonlar\u0131 a\u00e7m\u0131yor. Bu durum m\u00fc\u015fterisine ula\u015fmas\u0131 gereken i\u015fletmelere ciddi bir i\u015f y\u00fck\u00fc\u00a0yaratarak i\u015f ak\u0131\u015flar\u0131n\u0131 bozuyor. \u00c7a\u011fr\u0131 \u015feffafl\u0131\u011f\u0131 \u00e7\u00f6z\u00fcmlerinde d\u00fcnya lideri i\u015f orta\u011f\u0131m\u0131z\u00a0First Orion\u2018\u0131n ENGAGE\u00ae\u00a0Branded Call teknolojisi bu probleme \u00e7\u00f6z\u00fcm&hellip;<\/p>","protected":false},"author":2,"featured_media":10437,"parent":0,"menu_order":60,"comment_status":"closed","ping_status":"closed","template":"","meta":{"footnotes":""},"class_list":["post-9998","page","type-page","status-publish","has-post-thumbnail","hentry"],"_links":{"self":[{"href":"https:\/\/mysa.tc\/en\/wp-json\/wp\/v2\/pages\/9998","targetHints":{"allow":["GET"]}}],"collection":[{"href":"https:\/\/mysa.tc\/en\/wp-json\/wp\/v2\/pages"}],"about":[{"href":"https:\/\/mysa.tc\/en\/wp-json\/wp\/v2\/types\/page"}],"author":[{"embeddable":true,"href":"https:\/\/mysa.tc\/en\/wp-json\/wp\/v2\/users\/2"}],"replies":[{"embeddable":true,"href":"https:\/\/mysa.tc\/en\/wp-json\/wp\/v2\/comments?post=9998"}],"version-history":[{"count":67,"href":"https:\/\/mysa.tc\/en\/wp-json\/wp\/v2\/pages\/9998\/revisions"}],"predecessor-version":[{"id":11440,"href":"https:\/\/mysa.tc\/en\/wp-json\/wp\/v2\/pages\/9998\/revisions\/11440"}],"wp:featuredmedia":[{"embeddable":true,"href":"https:\/\/mysa.tc\/en\/wp-json\/wp\/v2\/media\/10437"}],"wp:attachment":[{"href":"https:\/\/mysa.tc\/en\/wp-json\/wp\/v2\/media?parent=9998"}],"curies":[{"name":"wp","href":"https:\/\/api.w.org\/{rel}","templated":true}]}}