{"id":349,"date":"2020-02-05T09:12:28","date_gmt":"2020-02-05T06:12:28","guid":{"rendered":"https:\/\/the7.io\/elementor-business\/?page_id=349"},"modified":"2022-09-12T03:09:15","modified_gmt":"2022-09-12T00:09:15","slug":"blog","status":"publish","type":"page","link":"https:\/\/mysa.tc\/en\/blog\/","title":{"rendered":"Blog"},"content":{"rendered":"<div data-elementor-type=\"wp-page\" data-elementor-id=\"349\" class=\"elementor elementor-349\" data-elementor-post-type=\"page\">\n\t\t\t\t\t\t<section class=\"elementor-section elementor-top-section elementor-element elementor-element-2cc78cf elementor-section-boxed elementor-section-height-default elementor-section-height-default\" data-id=\"2cc78cf\" data-element_type=\"section\">\n\t\t\t\t\t\t<div class=\"elementor-container elementor-column-gap-wider\">\n\t\t\t\t\t<div class=\"elementor-column elementor-col-100 elementor-top-column elementor-element elementor-element-72b1638\" data-id=\"72b1638\" data-element_type=\"column\">\n\t\t\t<div class=\"elementor-widget-wrap elementor-element-populated\">\n\t\t\t\t\t\t<div class=\"elementor-element elementor-element-72132c5 img-align-top image-vertical-align-center slide-h-position-center icon-box-vertical-align-top preserve-img-ratio-cover elementor-widget elementor-widget-the7-elements-simple-posts\" data-id=\"72132c5\" data-element_type=\"widget\" data-widget_type=\"the7-elements-simple-posts.default\">\n\t\t\t\t<div class=\"elementor-widget-container\">\n\t\t\t<div class=\"the7-simple-widget-posts the7-elementor-widget the7-elements-simple-posts-72132c5 jquery-filter jquery-filter\" data-post-limit=\"6\" data-pagination-mode=\"load-more\" data-scroll-offset=\"\">\t\t\t<div class=\"dt-css-grid custom-pagination-handler\" data-columns=\"{&quot;d&quot;:3,&quot;t&quot;:2,&quot;p&quot;:1,&quot;wd&quot;:3}\">\n\t\t\t\t\t\t\t\t\t<div class=\"wf-cell visible\">\n\t\t\t\t\t\t<article class=\"post visible wrapper post-360 type-post status-publish format-standard has-post-thumbnail hentry category-genel tag-demo tag-money tag-news tag-productivity tag-success tag-wordpress\">\n\n\t\t\t\t\t\t\t<div class=\"post-content-wrapper\">\n\t\t\t\t\t\t\t\t\t\t\t\t\t\t\t\t\t<div class=\"the7-simple-post-thumb\">\n\t\t\t\t\t\t\t\t\t\t<a class=\"post-thumbnail-rollover layzr-bg img-css-resize-wrapper\" aria-label=\"Post image\" href=\"https:\/\/mysa.tc\/en\/background-check\/\"><img fetchpriority=\"high\" decoding=\"async\" width=\"700\" height=\"461\" src=\"data:image\/svg+xml,%3Csvg%20xmlns%3D&#039;http%3A%2F%2Fwww.w3.org%2F2000%2Fsvg&#039;%20viewBox%3D&#039;0%200%20700%20461&#039;%2F%3E\" class=\"attachment-full size-full preload-me aspect lazy lazy-load\" alt=\"\" sizes=\"(max-width: 700px) 100vw, 700px\" style=\"--ratio: 700 \/ 461;\" data-src=\"https:\/\/mysa.tc\/wp-content\/uploads\/2022\/08\/Blog-01-BackgorundCheck-Neden-Onemli-A.jpg\" loading=\"eager\" data-srcset=\"https:\/\/mysa.tc\/wp-content\/uploads\/2022\/08\/Blog-01-BackgorundCheck-Neden-Onemli-A.jpg 700w, https:\/\/mysa.tc\/wp-content\/uploads\/2022\/08\/Blog-01-BackgorundCheck-Neden-Onemli-A-300x198.jpg 300w\" \/><span class=\"the7-hover-icon\"><\/span><\/a>\t\t\t\t\t\t\t\t\t<\/div>\n\t\t\t\t\t\t\t\t\t\t\t\t\t\t\t\t<div class=\"post-entry-content\">\n\t\t\t\t\t\t\t\t\t<h5 class=\"heading\"><a href=\"https:\/\/mysa.tc\/en\/background-check\/\" rel=\"bookmark\" title=\"Why is &quot;Background Check&quot; important in hiring?\" class=\"post-title\">Why is \"Background Check\" important in hiring?<\/a><\/h5><a href=\"https:\/\/mysa.tc\/en\/background-check\/\" target=\"\" aria-label=\"Read more about \u0130\u015fe al\u0131mda \u201cBackground Check\u201d neden \u00f6nemli?\" class=\"box-button elementor-button elementor-size-sm\">Read Now<\/a>\t\t\t\t\t\t\t\t<\/div>\n\t\t\t\t\t\t\t<\/div>\n\t\t\t\t\t\t<\/article>\n\t\t\t\t\t<\/div>\t\t\t\t\t\t\t\t\t\t<div class=\"wf-cell visible\">\n\t\t\t\t\t\t<article class=\"post visible wrapper post-358 type-post status-publish format-standard has-post-thumbnail hentry category-genel tag-money tag-productivity tag-success\">\n\n\t\t\t\t\t\t\t<div class=\"post-content-wrapper\">\n\t\t\t\t\t\t\t\t\t\t\t\t\t\t\t\t\t<div class=\"the7-simple-post-thumb\">\n\t\t\t\t\t\t\t\t\t\t<a class=\"post-thumbnail-rollover layzr-bg img-css-resize-wrapper\" aria-label=\"Post image\" href=\"https:\/\/mysa.tc\/en\/kiralik-diploma-tehlikeleri\/\"><img decoding=\"async\" width=\"700\" height=\"461\" src=\"data:image\/svg+xml,%3Csvg%20xmlns%3D&#039;http%3A%2F%2Fwww.w3.org%2F2000%2Fsvg&#039;%20viewBox%3D&#039;0%200%20700%20461&#039;%2F%3E\" class=\"attachment-full size-full preload-me aspect lazy lazy-load\" alt=\"\" sizes=\"(max-width: 700px) 100vw, 700px\" style=\"--ratio: 700 \/ 461;\" data-src=\"https:\/\/mysa.tc\/wp-content\/uploads\/2022\/09\/Blog-02-Kiralik-Diploma-B-1.jpg\" loading=\"eager\" data-srcset=\"https:\/\/mysa.tc\/wp-content\/uploads\/2022\/09\/Blog-02-Kiralik-Diploma-B-1.jpg 700w, https:\/\/mysa.tc\/wp-content\/uploads\/2022\/09\/Blog-02-Kiralik-Diploma-B-1-300x198.jpg 300w\" \/><span class=\"the7-hover-icon\"><\/span><\/a>\t\t\t\t\t\t\t\t\t<\/div>\n\t\t\t\t\t\t\t\t\t\t\t\t\t\t\t\t<div class=\"post-entry-content\">\n\t\t\t\t\t\t\t\t\t<h5 class=\"heading\"><a href=\"https:\/\/mysa.tc\/en\/kiralik-diploma-tehlikeleri\/\" rel=\"bookmark\" title=\"Beware of &quot;rented&quot; diplomas in job applications!\" class=\"post-title\">Beware of \"rented\" diplomas in job applications!<\/a><\/h5><a href=\"https:\/\/mysa.tc\/en\/kiralik-diploma-tehlikeleri\/\" target=\"\" aria-label=\"Read more about \u0130\u015fe al\u0131mda sunulan \u201ckiral\u0131k\u201d diplomalara dikkat!\" class=\"box-button elementor-button elementor-size-sm\">Read Now<\/a>\t\t\t\t\t\t\t\t<\/div>\n\t\t\t\t\t\t\t<\/div>\n\t\t\t\t\t\t<\/article>\n\t\t\t\t\t<\/div>\t\t\t\t\t\t\t\t\t\t<div class=\"wf-cell visible\">\n\t\t\t\t\t\t<article class=\"post visible wrapper post-347 type-post status-publish format-standard has-post-thumbnail hentry category-genel\">\n\n\t\t\t\t\t\t\t<div class=\"post-content-wrapper\">\n\t\t\t\t\t\t\t\t\t\t\t\t\t\t\t\t\t<div class=\"the7-simple-post-thumb\">\n\t\t\t\t\t\t\t\t\t\t<a class=\"post-thumbnail-rollover layzr-bg img-css-resize-wrapper\" aria-label=\"Post image\" href=\"https:\/\/mysa.tc\/en\/sirket-ici-suistimaller\/\"><img decoding=\"async\" width=\"700\" height=\"461\" src=\"data:image\/svg+xml,%3Csvg%20xmlns%3D&#039;http%3A%2F%2Fwww.w3.org%2F2000%2Fsvg&#039;%20viewBox%3D&#039;0%200%20700%20461&#039;%2F%3E\" class=\"attachment-full size-full preload-me aspect lazy lazy-load\" alt=\"\" sizes=\"(max-width: 700px) 100vw, 700px\" style=\"--ratio: 700 \/ 461;\" data-src=\"https:\/\/mysa.tc\/wp-content\/uploads\/2022\/09\/Blog-03-Sirket-Suistimal-A.jpg\" loading=\"eager\" data-srcset=\"https:\/\/mysa.tc\/wp-content\/uploads\/2022\/09\/Blog-03-Sirket-Suistimal-A.jpg 700w, https:\/\/mysa.tc\/wp-content\/uploads\/2022\/09\/Blog-03-Sirket-Suistimal-A-300x198.jpg 300w\" \/><span class=\"the7-hover-icon\"><\/span><\/a>\t\t\t\t\t\t\t\t\t<\/div>\n\t\t\t\t\t\t\t\t\t\t\t\t\t\t\t\t<div class=\"post-entry-content\">\n\t\t\t\t\t\t\t\t\t<h5 class=\"heading\"><a href=\"https:\/\/mysa.tc\/en\/sirket-ici-suistimaller\/\" rel=\"bookmark\" title=\"How can we prevent internal fraud?\" class=\"post-title\">How can we prevent internal fraud?<\/a><\/h5><a href=\"https:\/\/mysa.tc\/en\/sirket-ici-suistimaller\/\" target=\"\" aria-label=\"Read more about \u015eirket i\u00e7i suistimal tehlikesini \u00f6nlemenin en do\u011fru yolu nedir?\" class=\"box-button elementor-button elementor-size-sm\">Read Now<\/a>\t\t\t\t\t\t\t\t<\/div>\n\t\t\t\t\t\t\t<\/div>\n\t\t\t\t\t\t<\/article>\n\t\t\t\t\t<\/div>\t\t\t\t\t\t\t\t<\/div>\n\t\t<div class=\"paginator filter-decorations paginator-more-button filter-pointer-framed\">\n\t\t\t\t<a class=\"button-load-more highlighted filter-item\" href=\"javascript:void(0);\" data-dt-page=\"1\" ><span class=\"button-caption\">Daha Fazla<\/span><\/a>\n\t\t\t<\/div><\/div>\t\t<\/div>\n\t\t\t\t<\/div>\n\t\t\t\t\t<\/div>\n\t\t<\/div>\n\t\t\t\t\t<\/div>\n\t\t<\/section>\n\t\t\t\t<\/div>","protected":false},"excerpt":{"rendered":"<p>\u0130\u015fe al\u0131mda \u201cBackground Check\u201d neden \u00f6nemli? Yaz\u0131y\u0131 Oku \u0130\u015fe al\u0131mda sunulan \u201ckiral\u0131k\u201d diplomalara dikkat! Yaz\u0131y\u0131 Oku \u015eirket i\u00e7i suistimal tehlikesini \u00f6nlemenin en do\u011fru yolu nedir? Yaz\u0131y\u0131 Oku Daha Fazla<\/p>","protected":false},"author":1,"featured_media":8981,"parent":0,"menu_order":50,"comment_status":"closed","ping_status":"closed","template":"","meta":{"footnotes":""},"class_list":["post-349","page","type-page","status-publish","has-post-thumbnail","hentry"],"_links":{"self":[{"href":"https:\/\/mysa.tc\/en\/wp-json\/wp\/v2\/pages\/349","targetHints":{"allow":["GET"]}}],"collection":[{"href":"https:\/\/mysa.tc\/en\/wp-json\/wp\/v2\/pages"}],"about":[{"href":"https:\/\/mysa.tc\/en\/wp-json\/wp\/v2\/types\/page"}],"author":[{"embeddable":true,"href":"https:\/\/mysa.tc\/en\/wp-json\/wp\/v2\/users\/1"}],"replies":[{"embeddable":true,"href":"https:\/\/mysa.tc\/en\/wp-json\/wp\/v2\/comments?post=349"}],"version-history":[{"count":19,"href":"https:\/\/mysa.tc\/en\/wp-json\/wp\/v2\/pages\/349\/revisions"}],"predecessor-version":[{"id":9575,"href":"https:\/\/mysa.tc\/en\/wp-json\/wp\/v2\/pages\/349\/revisions\/9575"}],"wp:featuredmedia":[{"embeddable":true,"href":"https:\/\/mysa.tc\/en\/wp-json\/wp\/v2\/media\/8981"}],"wp:attachment":[{"href":"https:\/\/mysa.tc\/en\/wp-json\/wp\/v2\/media?parent=349"}],"curies":[{"name":"wp","href":"https:\/\/api.w.org\/{rel}","templated":true}]}}