{"id":11689,"date":"2023-08-16T20:50:45","date_gmt":"2023-08-16T17:50:45","guid":{"rendered":"https:\/\/mysa.tc\/?page_id=11689"},"modified":"2023-08-16T20:51:30","modified_gmt":"2023-08-16T17:51:30","slug":"tedarikci-ve-is-ortaklari-incelemesi","status":"publish","type":"page","link":"https:\/\/mysa.tc\/en\/tedarikci-ve-is-ortaklari-incelemesi\/","title":{"rendered":"Soft Due Diligence"},"content":{"rendered":"<div data-elementor-type=\"wp-page\" data-elementor-id=\"11689\" class=\"elementor elementor-11689\" data-elementor-post-type=\"page\">\n\t\t\t\t\t\t<section class=\"elementor-section elementor-top-section elementor-element elementor-element-cb85978 elementor-section-boxed elementor-section-height-default elementor-section-height-default\" data-id=\"cb85978\" data-element_type=\"section\">\n\t\t\t\t\t\t<div class=\"elementor-container elementor-column-gap-default\">\n\t\t\t\t\t<div class=\"elementor-column elementor-col-100 elementor-top-column elementor-element elementor-element-3e15b29\" data-id=\"3e15b29\" data-element_type=\"column\">\n\t\t\t<div class=\"elementor-widget-wrap elementor-element-populated\">\n\t\t\t\t\t\t<div class=\"elementor-element elementor-element-11056c4 elementor-widget elementor-widget-text-editor\" data-id=\"11056c4\" data-element_type=\"widget\" data-widget_type=\"text-editor.default\">\n\t\t\t\t<div class=\"elementor-widget-container\">\n\t\t\t\t\t\t\t<p>Protect your company from potential risks with verification and research services for third-party suppliers and business partners.<\/p>\t\t\t\t\t\t<\/div>\n\t\t\t\t<\/div>\n\t\t\t\t\t<\/div>\n\t\t<\/div>\n\t\t\t\t\t<\/div>\n\t\t<\/section>\n\t\t\t\t<section class=\"elementor-section elementor-top-section elementor-element elementor-element-0364458 elementor-section-boxed elementor-section-height-default elementor-section-height-default\" data-id=\"0364458\" data-element_type=\"section\">\n\t\t\t\t\t\t<div class=\"elementor-container elementor-column-gap-default\">\n\t\t\t\t\t<div class=\"elementor-column elementor-col-100 elementor-top-column elementor-element elementor-element-3e510d7\" data-id=\"3e510d7\" data-element_type=\"column\">\n\t\t\t<div class=\"elementor-widget-wrap elementor-element-populated\">\n\t\t\t\t\t\t<div class=\"elementor-element elementor-element-957b240 elementor-widget elementor-widget-heading\" data-id=\"957b240\" data-element_type=\"widget\" data-widget_type=\"heading.default\">\n\t\t\t\t<div class=\"elementor-widget-container\">\n\t\t\t<h2 class=\"elementor-heading-title elementor-size-default\">What is Soft Due-Diligence (SDD)?<\/h2>\t\t<\/div>\n\t\t\t\t<\/div>\n\t\t\t\t\t<\/div>\n\t\t<\/div>\n\t\t\t\t\t<\/div>\n\t\t<\/section>\n\t\t\t\t<section class=\"elementor-section elementor-top-section elementor-element elementor-element-ce69a0d elementor-section-boxed elementor-section-height-default elementor-section-height-default\" data-id=\"ce69a0d\" data-element_type=\"section\">\n\t\t\t\t\t\t<div class=\"elementor-container elementor-column-gap-default\">\n\t\t\t\t\t<div class=\"elementor-column elementor-col-100 elementor-top-column elementor-element elementor-element-ff0f240\" data-id=\"ff0f240\" data-element_type=\"column\">\n\t\t\t<div class=\"elementor-widget-wrap elementor-element-populated\">\n\t\t\t\t\t\t<div class=\"elementor-element elementor-element-7969d9c elementor-widget elementor-widget-text-editor\" data-id=\"7969d9c\" data-element_type=\"widget\" data-widget_type=\"text-editor.default\">\n\t\t\t\t<div class=\"elementor-widget-container\">\n\t\t\t\t\t\t\t<p>Soft Due Diligence is a consultancy service for Supplier &amp; Business Partner Review and Verification, carried out using digital resources and Open Source Intelligence tools. It ensures that suppliers and business partners are checked before\/after to avoid violating local and international regulations, compliance rules such as Anti-Money Laundering (AML), and corruption prevention. With due-diligence reports, potential fraud and reputation risks that may occur through third parties in your organization can be managed more effectively.<\/p>\t\t\t\t\t\t<\/div>\n\t\t\t\t<\/div>\n\t\t\t\t\t<\/div>\n\t\t<\/div>\n\t\t\t\t\t<\/div>\n\t\t<\/section>\n\t\t\t\t<section class=\"elementor-section elementor-top-section elementor-element elementor-element-f6d364c elementor-section-boxed elementor-section-height-default elementor-section-height-default\" data-id=\"f6d364c\" data-element_type=\"section\">\n\t\t\t\t\t\t<div class=\"elementor-container elementor-column-gap-default\">\n\t\t\t\t\t<div class=\"elementor-column elementor-col-100 elementor-top-column elementor-element elementor-element-d3b3339\" data-id=\"d3b3339\" data-element_type=\"column\">\n\t\t\t<div class=\"elementor-widget-wrap elementor-element-populated\">\n\t\t\t\t\t\t<div class=\"elementor-element elementor-element-1b883a7 elementor-widget elementor-widget-text-editor\" data-id=\"1b883a7\" data-element_type=\"widget\" data-widget_type=\"text-editor.default\">\n\t\t\t\t<div class=\"elementor-widget-container\">\n\t\t\t\t\t\t\t<p class=\" translation-block\">The research is conducted by our team of expert analysts and consultants and covers document verifications for real or corporate entities, examination of <strong>Turkish\/Global Trade Registry records<\/strong>, and <strong>Open-Source Intelligence (OSINT)<\/strong> and <strong>AML investigations.<\/strong><\/p>\t\t\t\t\t\t<\/div>\n\t\t\t\t<\/div>\n\t\t\t\t\t<\/div>\n\t\t<\/div>\n\t\t\t\t\t<\/div>\n\t\t<\/section>\n\t\t\t\t<section class=\"elementor-section elementor-top-section elementor-element elementor-element-ab98f6b elementor-section-boxed elementor-section-height-default elementor-section-height-default\" data-id=\"ab98f6b\" data-element_type=\"section\">\n\t\t\t\t\t\t<div class=\"elementor-container elementor-column-gap-default\">\n\t\t\t\t\t<div class=\"elementor-column elementor-col-100 elementor-top-column elementor-element elementor-element-80dea30\" data-id=\"80dea30\" data-element_type=\"column\">\n\t\t\t<div class=\"elementor-widget-wrap elementor-element-populated\">\n\t\t\t\t\t\t<div class=\"elementor-element elementor-element-a268151 elementor-widget elementor-widget-text-editor\" data-id=\"a268151\" data-element_type=\"widget\" data-widget_type=\"text-editor.default\">\n\t\t\t\t<div class=\"elementor-widget-container\">\n\t\t\t\t\t\t\t<p>SDD reports include information on the ownership structure of real or corporate entities, their disclosed financial information, whether their partners or top management are listed on any global sanction list, and data analyses collected from open-source investigations (Clear Web, Deep Web, Social Media).<\/p>\t\t\t\t\t\t<\/div>\n\t\t\t\t<\/div>\n\t\t\t\t\t<\/div>\n\t\t<\/div>\n\t\t\t\t\t<\/div>\n\t\t<\/section>\n\t\t\t\t<section class=\"elementor-section elementor-top-section elementor-element elementor-element-0422efe elementor-section-boxed elementor-section-height-default elementor-section-height-default\" data-id=\"0422efe\" data-element_type=\"section\">\n\t\t\t\t\t\t<div class=\"elementor-container elementor-column-gap-default\">\n\t\t\t\t\t<div class=\"elementor-column elementor-col-100 elementor-top-column elementor-element elementor-element-1dfa4f4\" data-id=\"1dfa4f4\" data-element_type=\"column\">\n\t\t\t<div class=\"elementor-widget-wrap elementor-element-populated\">\n\t\t\t\t\t\t<div class=\"elementor-element elementor-element-c7d414c elementor-widget elementor-widget-image\" data-id=\"c7d414c\" data-element_type=\"widget\" data-widget_type=\"image.default\">\n\t\t\t\t<div class=\"elementor-widget-container\">\n\t\t\t\t\t\t\t\t\t\t\t\t\t<img fetchpriority=\"high\" decoding=\"async\" width=\"1180\" height=\"400\" src=\"https:\/\/mysa.tc\/wp-content\/uploads\/2021\/09\/Tedarikci-is-Ortaklari-Ara-Banner.png\" class=\"attachment-full size-full wp-image-9312\" alt=\"\" srcset=\"https:\/\/mysa.tc\/wp-content\/uploads\/2021\/09\/Tedarikci-is-Ortaklari-Ara-Banner.png 1180w, https:\/\/mysa.tc\/wp-content\/uploads\/2021\/09\/Tedarikci-is-Ortaklari-Ara-Banner-300x102.png 300w, https:\/\/mysa.tc\/wp-content\/uploads\/2021\/09\/Tedarikci-is-Ortaklari-Ara-Banner-1024x347.png 1024w, https:\/\/mysa.tc\/wp-content\/uploads\/2021\/09\/Tedarikci-is-Ortaklari-Ara-Banner-768x260.png 768w, https:\/\/mysa.tc\/wp-content\/uploads\/2021\/09\/Tedarikci-is-Ortaklari-Ara-Banner-1000x339.png 1000w\" sizes=\"(max-width: 1180px) 100vw, 1180px\" \/>\t\t\t\t\t\t\t\t\t\t\t\t\t<\/div>\n\t\t\t\t<\/div>\n\t\t\t\t\t<\/div>\n\t\t<\/div>\n\t\t\t\t\t<\/div>\n\t\t<\/section>\n\t\t\t\t<section class=\"elementor-section elementor-top-section elementor-element elementor-element-68c4a1e elementor-section-boxed elementor-section-height-default elementor-section-height-default\" data-id=\"68c4a1e\" data-element_type=\"section\">\n\t\t\t\t\t\t<div class=\"elementor-container elementor-column-gap-default\">\n\t\t\t\t\t<div class=\"elementor-column elementor-col-100 elementor-top-column elementor-element elementor-element-4f7fd59\" data-id=\"4f7fd59\" data-element_type=\"column\">\n\t\t\t<div class=\"elementor-widget-wrap elementor-element-populated\">\n\t\t\t\t\t\t<div class=\"elementor-element elementor-element-0a9fe45 elementor-widget elementor-widget-heading\" data-id=\"0a9fe45\" data-element_type=\"widget\" data-widget_type=\"heading.default\">\n\t\t\t\t<div class=\"elementor-widget-container\">\n\t\t\t<h2 class=\"elementor-heading-title elementor-size-default\">Scope of Soft Due Diligence Service:<\/h2>\t\t<\/div>\n\t\t\t\t<\/div>\n\t\t\t\t\t<\/div>\n\t\t<\/div>\n\t\t\t\t\t<\/div>\n\t\t<\/section>\n\t\t\t\t<section class=\"elementor-section elementor-top-section elementor-element elementor-element-69b549b elementor-section-boxed elementor-section-height-default elementor-section-height-default\" data-id=\"69b549b\" data-element_type=\"section\">\n\t\t\t\t\t\t<div class=\"elementor-container elementor-column-gap-default\">\n\t\t\t\t\t<div class=\"elementor-column elementor-col-100 elementor-top-column elementor-element elementor-element-aa9383e\" data-id=\"aa9383e\" data-element_type=\"column\">\n\t\t\t<div class=\"elementor-widget-wrap elementor-element-populated\">\n\t\t\t\t\t\t<div class=\"elementor-element elementor-element-2e169bd elementor-widget elementor-widget-text-editor\" data-id=\"2e169bd\" data-element_type=\"widget\" data-widget_type=\"text-editor.default\">\n\t\t\t\t<div class=\"elementor-widget-container\">\n\t\t\t\t\t\t\t<p>\u2022 Identification of companies' ownership structure, locations, and their affiliated companies and executives through Turkish Trade Registry data.<\/p><p>\u2022 Global Trade Registry research analyzes the foreign connections, ownership, and partnership relationship of real or corporate entities in trade registry databases worldwide.<\/p><p>\u2022  Analysis of companies and identified executives\u2019 adverse media, social media accounts and open-source information through OSINT methods, including information, news, articles, and blog posts.<\/p><p>\u2022 Verification of companies or executives on OFAC (Office of Foreign Assets Control) and OCCRP (Organized Crime and Corruption Reporting Project) lists.<\/p><p>\u2022  Anti-Money Laundering (AML), PEP, and Sanction Lists checks.<\/p>\t\t\t\t\t\t<\/div>\n\t\t\t\t<\/div>\n\t\t\t\t\t<\/div>\n\t\t<\/div>\n\t\t\t\t\t<\/div>\n\t\t<\/section>\n\t\t\t\t<section class=\"elementor-section elementor-top-section elementor-element elementor-element-59ba36fe elementor-section-stretched elementor-section-full_width elementor-section-height-default elementor-section-height-default\" data-id=\"59ba36fe\" data-element_type=\"section\" data-settings=\"{&quot;stretch_section&quot;:&quot;section-stretched&quot;,&quot;background_background&quot;:&quot;classic&quot;}\">\n\t\t\t\t\t\t\t<div class=\"elementor-background-overlay\"><\/div>\n\t\t\t\t\t\t\t<div class=\"elementor-container elementor-column-gap-wider\">\n\t\t\t\t\t<div class=\"elementor-column elementor-col-100 elementor-top-column elementor-element elementor-element-72ca1c87\" data-id=\"72ca1c87\" data-element_type=\"column\" data-settings=\"{&quot;background_background&quot;:&quot;classic&quot;}\">\n\t\t\t<div class=\"elementor-widget-wrap elementor-element-populated\">\n\t\t\t\t\t\t<section class=\"elementor-section elementor-inner-section elementor-element elementor-element-2dac642e elementor-section-boxed elementor-section-height-default elementor-section-height-default\" data-id=\"2dac642e\" data-element_type=\"section\">\n\t\t\t\t\t\t<div class=\"elementor-container elementor-column-gap-wider\">\n\t\t\t\t\t<div class=\"elementor-column elementor-col-100 elementor-inner-column elementor-element elementor-element-44282ddc\" data-id=\"44282ddc\" data-element_type=\"column\">\n\t\t\t<div class=\"elementor-widget-wrap elementor-element-populated\">\n\t\t\t\t\t\t<div class=\"elementor-element elementor-element-59b95ec7 elementor-widget elementor-widget-heading\" data-id=\"59b95ec7\" data-element_type=\"widget\" data-widget_type=\"heading.default\">\n\t\t\t\t<div class=\"elementor-widget-container\">\n\t\t\t<h3 class=\"elementor-heading-title elementor-size-default\">Learn more about our products and services!<\/h3>\t\t<\/div>\n\t\t\t\t<\/div>\n\t\t\t\t<div class=\"elementor-element elementor-element-7c1028a9 elementor-mobile-align-center elementor-tablet-align-center elementor-widget elementor-widget-the7_button_widget\" data-id=\"7c1028a9\" data-element_type=\"widget\" data-widget_type=\"the7_button_widget.default\">\n\t\t\t\t<div class=\"elementor-widget-container\">\n\t\t\t<div class=\"elementor-button-wrapper\"><a href=\"https:\/\/mysa.tc\/en\/iletisim\/\" class=\"box-button elementor-button elementor-size-lg\">Contact Us<i aria-hidden=\"true\" class=\"elementor-button-icon  icomoon-the7-font-the7-mail-03\"><\/i><\/a><\/div>\t\t<\/div>\n\t\t\t\t<\/div>\n\t\t\t\t\t<\/div>\n\t\t<\/div>\n\t\t\t\t\t<\/div>\n\t\t<\/section>\n\t\t\t\t<section class=\"elementor-section elementor-inner-section elementor-element elementor-element-6550bad2 elementor-section-boxed elementor-section-height-default elementor-section-height-default\" data-id=\"6550bad2\" data-element_type=\"section\">\n\t\t\t\t\t\t<div class=\"elementor-container elementor-column-gap-default\">\n\t\t\t\t\t<div class=\"elementor-column elementor-col-50 elementor-inner-column elementor-element elementor-element-5b8fa4ad\" data-id=\"5b8fa4ad\" data-element_type=\"column\">\n\t\t\t<div class=\"elementor-widget-wrap elementor-element-populated\">\n\t\t\t\t\t\t<div class=\"elementor-element elementor-element-68570844 content-align-mobile-center icon-position-mobile-top icon-vertical-align-mobile-center icon-vertical-align-center elementor-widget__width-auto icon-box-vertical-align-top icon-position-left elementor-widget elementor-widget-the7_icon_box_widget\" data-id=\"68570844\" data-element_type=\"widget\" data-widget_type=\"the7_icon_box_widget.default\">\n\t\t\t\t<div class=\"elementor-widget-container\">\n\t\t\t\n\t\t<div class=\"the7-box-wrapper the7-elementor-widget the7_icon_box_widget-68570844\">\t\t\t<div class=\"box-content-wrapper\">\n\t\t\t\t\t\t\t\t\t<a class=\"elementor-icon-div\" href=\"tel: 902165594000\" target=\"_blank\">\t\t\t\t\t\t<div class=\"elementor-icon\">\n\t\t\t\t\t\t\t<i aria-hidden=\"true\" class=\"fas fa-phone-alt\"><\/i>\t\t\t\t\t\t<\/div>\n\t\t\t\t\t<\/a>\t\t\t\t\t\t\t\t<div class=\"box-content\">\n\t\t\t\t\t\t\t\t\t\t\t\t\t\t\t\t\t<h4 class=\"box-heading\">\n\t\t\t\t\t\t\t<a href=\"tel: 902165594000\" target=\"_blank\">\t\t\t\t\t\t\t\t+90 216 559 40 00\t\t\t\t\t\t\t<\/a>\t\t\t\t\t\t<\/h4>\n\t\t\t\t\t\t\t\t\t\t\n\t\t\t\t\t\n\t\t\t\t<\/div>\n\t\t\t<\/div>\n\t\t<\/div>\t\t\t<\/div>\n\t\t\t\t<\/div>\n\t\t\t\t\t<\/div>\n\t\t<\/div>\n\t\t\t\t<div class=\"elementor-column elementor-col-50 elementor-inner-column elementor-element elementor-element-287c1c71\" data-id=\"287c1c71\" data-element_type=\"column\">\n\t\t\t<div class=\"elementor-widget-wrap elementor-element-populated\">\n\t\t\t\t\t\t<div class=\"elementor-element elementor-element-bfaa8e5 content-align-mobile-center icon-position-mobile-top icon-vertical-align-mobile-center icon-vertical-align-center elementor-widget__width-auto icon-box-vertical-align-top icon-position-left elementor-widget elementor-widget-the7_icon_box_widget\" data-id=\"bfaa8e5\" data-element_type=\"widget\" data-widget_type=\"the7_icon_box_widget.default\">\n\t\t\t\t<div class=\"elementor-widget-container\">\n\t\t\t\n\t\t<div class=\"the7-box-wrapper the7-elementor-widget the7_icon_box_widget-bfaa8e5\">\t\t\t<div class=\"box-content-wrapper\">\n\t\t\t\t\t\t\t\t\t<a class=\"elementor-icon-div\" href=\"mailto:info@mysa.tc\">\t\t\t\t\t\t<div class=\"elementor-icon\">\n\t\t\t\t\t\t\t<i aria-hidden=\"true\" class=\"icomoon-the7-font-the7-mail-01\"><\/i>\t\t\t\t\t\t<\/div>\n\t\t\t\t\t<\/a>\t\t\t\t\t\t\t\t<div class=\"box-content\">\n\t\t\t\t\t\t\t\t\t\t\t\t\t\t\t\t\t<h4 class=\"box-heading\">\n\t\t\t\t\t\t\t<a href=\"mailto:info@mysa.tc\">\t\t\t\t\t\t\t\tinfo@mysa.tc\t\t\t\t\t\t\t<\/a>\t\t\t\t\t\t<\/h4>\n\t\t\t\t\t\t\t\t\t\t\n\t\t\t\t\t\n\t\t\t\t<\/div>\n\t\t\t<\/div>\n\t\t<\/div>\t\t\t<\/div>\n\t\t\t\t<\/div>\n\t\t\t\t\t<\/div>\n\t\t<\/div>\n\t\t\t\t\t<\/div>\n\t\t<\/section>\n\t\t\t\t\t<\/div>\n\t\t<\/div>\n\t\t\t\t\t<\/div>\n\t\t<\/section>\n\t\t\t\t<\/div>","protected":false},"excerpt":{"rendered":"<p>3. parti tedarik\u00e7i ve i\u015f ortaklar\u0131 hakk\u0131nda yap\u0131lan do\u011frulama ve ara\u015ft\u0131rma hizmetleri ile \u015firketinizi olas\u0131 risklerden koruyun. Soft Due Diligence Nedir? Dijital kaynaklar ve A\u00e7\u0131k Kaynak \u0130stihbarat Ara\u00e7lar\u0131 ile yap\u0131lan Tedarik\u00e7i &amp; \u0130\u015f Ortaklar\u0131 \u0130nceleme ve Do\u011frulama Dan\u0131\u015fmanl\u0131\u011f\u0131 Hizmetidir. Yerel ve uluslararas\u0131 reg\u00fclasyonlar ile AML(Anti-Money Laundering: Kara Para Aklamay\u0131 \u00d6nleme) ve Yolsuzlukla M\u00fccadele gibi uyumluluk&hellip;<\/p>","protected":false},"author":3,"featured_media":9469,"parent":0,"menu_order":60,"comment_status":"closed","ping_status":"closed","template":"","meta":{"footnotes":""},"class_list":["post-11689","page","type-page","status-publish","has-post-thumbnail","hentry"],"_links":{"self":[{"href":"https:\/\/mysa.tc\/en\/wp-json\/wp\/v2\/pages\/11689","targetHints":{"allow":["GET"]}}],"collection":[{"href":"https:\/\/mysa.tc\/en\/wp-json\/wp\/v2\/pages"}],"about":[{"href":"https:\/\/mysa.tc\/en\/wp-json\/wp\/v2\/types\/page"}],"author":[{"embeddable":true,"href":"https:\/\/mysa.tc\/en\/wp-json\/wp\/v2\/users\/3"}],"replies":[{"embeddable":true,"href":"https:\/\/mysa.tc\/en\/wp-json\/wp\/v2\/comments?post=11689"}],"version-history":[{"count":7,"href":"https:\/\/mysa.tc\/en\/wp-json\/wp\/v2\/pages\/11689\/revisions"}],"predecessor-version":[{"id":11696,"href":"https:\/\/mysa.tc\/en\/wp-json\/wp\/v2\/pages\/11689\/revisions\/11696"}],"wp:featuredmedia":[{"embeddable":true,"href":"https:\/\/mysa.tc\/en\/wp-json\/wp\/v2\/media\/9469"}],"wp:attachment":[{"href":"https:\/\/mysa.tc\/en\/wp-json\/wp\/v2\/media?parent=11689"}],"curies":[{"name":"wp","href":"https:\/\/api.w.org\/{rel}","templated":true}]}}