{"id":11642,"date":"2023-08-11T12:51:30","date_gmt":"2023-08-11T09:51:30","guid":{"rendered":"https:\/\/mysa.tc\/?page_id=11642"},"modified":"2023-08-11T13:27:25","modified_gmt":"2023-08-11T10:27:25","slug":"calisan-ozgecmis-dogrulama-ve-arastirma-hizmeti-employee-background-check","status":"publish","type":"page","link":"https:\/\/mysa.tc\/en\/calisan-ozgecmis-dogrulama-ve-arastirma-hizmeti-employee-background-check\/","title":{"rendered":"Employee Background Screening"},"content":{"rendered":"<div data-elementor-type=\"wp-page\" data-elementor-id=\"11642\" class=\"elementor elementor-11642\" data-elementor-post-type=\"page\">\n\t\t\t\t\t\t<section class=\"elementor-section elementor-top-section elementor-element elementor-element-cb85978 elementor-section-boxed elementor-section-height-default elementor-section-height-default\" data-id=\"cb85978\" data-element_type=\"section\">\n\t\t\t\t\t\t<div class=\"elementor-container elementor-column-gap-default\">\n\t\t\t\t\t<div class=\"elementor-column elementor-col-100 elementor-top-column elementor-element elementor-element-3e15b29\" data-id=\"3e15b29\" data-element_type=\"column\">\n\t\t\t<div class=\"elementor-widget-wrap elementor-element-populated\">\n\t\t\t\t\t\t<div class=\"elementor-element elementor-element-11056c4 elementor-widget elementor-widget-text-editor\" data-id=\"11056c4\" data-element_type=\"widget\" data-widget_type=\"text-editor.default\">\n\t\t\t\t<div class=\"elementor-widget-container\">\n\t\t\t\t\t\t\tDid you know that globally <strong style=\"color:#DA1616;\">$700 billion is lost each year<\/strong> due to fradulent activities during the hiring process?\t\t\t\t\t\t<\/div>\n\t\t\t\t<\/div>\n\t\t\t\t\t<\/div>\n\t\t<\/div>\n\t\t\t\t\t<\/div>\n\t\t<\/section>\n\t\t\t\t<section class=\"elementor-section elementor-top-section elementor-element elementor-element-43b7d6d elementor-section-boxed elementor-section-height-default elementor-section-height-default\" data-id=\"43b7d6d\" data-element_type=\"section\">\n\t\t\t\t\t\t<div class=\"elementor-container elementor-column-gap-default\">\n\t\t\t\t\t<div class=\"elementor-column elementor-col-100 elementor-top-column elementor-element elementor-element-60430e9\" data-id=\"60430e9\" data-element_type=\"column\">\n\t\t\t<div class=\"elementor-widget-wrap elementor-element-populated\">\n\t\t\t\t\t\t<div class=\"elementor-element elementor-element-9c3aef7 elementor-widget elementor-widget-text-editor\" data-id=\"9c3aef7\" data-element_type=\"widget\" data-widget_type=\"text-editor.default\">\n\t\t\t\t<div class=\"elementor-widget-container\">\n\t\t\t\t\t\t\t<p>The most effective process in managing harmful risks that may arise from staff, whether permanent or contracted, in companies and institutions is to conduct background checks on job applicants before they are hired. Issues such as fake diplomas, certificates, altered criminal records, false identity and residency information disclosed during the hiring process need to be closely monitored.<\/p>\t\t\t\t\t\t<\/div>\n\t\t\t\t<\/div>\n\t\t\t\t\t<\/div>\n\t\t<\/div>\n\t\t\t\t\t<\/div>\n\t\t<\/section>\n\t\t\t\t<section class=\"elementor-section elementor-top-section elementor-element elementor-element-87f9732 elementor-section-boxed elementor-section-height-default elementor-section-height-default\" data-id=\"87f9732\" data-element_type=\"section\">\n\t\t\t\t\t\t<div class=\"elementor-container elementor-column-gap-default\">\n\t\t\t\t\t<div class=\"elementor-column elementor-col-100 elementor-top-column elementor-element elementor-element-21719ef\" data-id=\"21719ef\" data-element_type=\"column\">\n\t\t\t<div class=\"elementor-widget-wrap elementor-element-populated\">\n\t\t\t\t\t\t<div class=\"elementor-element elementor-element-421335c elementor-widget elementor-widget-text-editor\" data-id=\"421335c\" data-element_type=\"widget\" data-widget_type=\"text-editor.default\">\n\t\t\t\t<div class=\"elementor-widget-container\">\n\t\t\t\t\t\t\t<p>Verifying the information provided by the candidate before or during the trial period is crucial, as failure to do so could result in risks, losses and damage to the reputation of the company.<\/p>\t\t\t\t\t\t<\/div>\n\t\t\t\t<\/div>\n\t\t\t\t\t<\/div>\n\t\t<\/div>\n\t\t\t\t\t<\/div>\n\t\t<\/section>\n\t\t\t\t<section class=\"elementor-section elementor-top-section elementor-element elementor-element-0422efe elementor-section-boxed elementor-section-height-default elementor-section-height-default\" data-id=\"0422efe\" data-element_type=\"section\">\n\t\t\t\t\t\t<div class=\"elementor-container elementor-column-gap-default\">\n\t\t\t\t\t<div class=\"elementor-column elementor-col-100 elementor-top-column elementor-element elementor-element-1dfa4f4\" data-id=\"1dfa4f4\" data-element_type=\"column\">\n\t\t\t<div class=\"elementor-widget-wrap elementor-element-populated\">\n\t\t\t\t\t\t<div class=\"elementor-element elementor-element-c7d414c elementor-widget elementor-widget-image\" data-id=\"c7d414c\" data-element_type=\"widget\" data-widget_type=\"image.default\">\n\t\t\t\t<div class=\"elementor-widget-container\">\n\t\t\t\t\t\t\t\t\t\t\t\t\t<img fetchpriority=\"high\" decoding=\"async\" width=\"1180\" height=\"400\" src=\"https:\/\/mysa.tc\/wp-content\/uploads\/2021\/09\/Pazarlama-Rekabet-Ara-Banner.png\" class=\"attachment-full size-full wp-image-9313\" alt=\"\" srcset=\"https:\/\/mysa.tc\/wp-content\/uploads\/2021\/09\/Pazarlama-Rekabet-Ara-Banner.png 1180w, https:\/\/mysa.tc\/wp-content\/uploads\/2021\/09\/Pazarlama-Rekabet-Ara-Banner-300x102.png 300w, https:\/\/mysa.tc\/wp-content\/uploads\/2021\/09\/Pazarlama-Rekabet-Ara-Banner-1024x347.png 1024w, https:\/\/mysa.tc\/wp-content\/uploads\/2021\/09\/Pazarlama-Rekabet-Ara-Banner-768x260.png 768w, https:\/\/mysa.tc\/wp-content\/uploads\/2021\/09\/Pazarlama-Rekabet-Ara-Banner-1000x339.png 1000w\" sizes=\"(max-width: 1180px) 100vw, 1180px\" \/>\t\t\t\t\t\t\t\t\t\t\t\t\t<\/div>\n\t\t\t\t<\/div>\n\t\t\t\t\t<\/div>\n\t\t<\/div>\n\t\t\t\t\t<\/div>\n\t\t<\/section>\n\t\t\t\t<section class=\"elementor-section elementor-top-section elementor-element elementor-element-1e9dec7 elementor-section-boxed elementor-section-height-default elementor-section-height-default\" data-id=\"1e9dec7\" data-element_type=\"section\">\n\t\t\t\t\t\t<div class=\"elementor-container elementor-column-gap-default\">\n\t\t\t\t\t<div class=\"elementor-column elementor-col-100 elementor-top-column elementor-element elementor-element-d0be846\" data-id=\"d0be846\" data-element_type=\"column\">\n\t\t\t<div class=\"elementor-widget-wrap elementor-element-populated\">\n\t\t\t\t\t\t<div class=\"elementor-element elementor-element-bea72ee elementor-widget elementor-widget-text-editor\" data-id=\"bea72ee\" data-element_type=\"widget\" data-widget_type=\"text-editor.default\">\n\t\t\t\t<div class=\"elementor-widget-container\">\n\t\t\t\t\t\t\t<p>As My Security Analytics, we provide you with the necessary verification and investigations (background check) in compliance with the rules to minimize the risks associated with the people you bring into your organization.<\/p>\t\t\t\t\t\t<\/div>\n\t\t\t\t<\/div>\n\t\t\t\t\t<\/div>\n\t\t<\/div>\n\t\t\t\t\t<\/div>\n\t\t<\/section>\n\t\t\t\t<section class=\"elementor-section elementor-top-section elementor-element elementor-element-4b09c8d elementor-section-boxed elementor-section-height-default elementor-section-height-default\" data-id=\"4b09c8d\" data-element_type=\"section\">\n\t\t\t\t\t\t<div class=\"elementor-container elementor-column-gap-default\">\n\t\t\t\t\t<div class=\"elementor-column elementor-col-100 elementor-top-column elementor-element elementor-element-974913c\" data-id=\"974913c\" data-element_type=\"column\">\n\t\t\t<div class=\"elementor-widget-wrap elementor-element-populated\">\n\t\t\t\t\t\t<div class=\"elementor-element elementor-element-3701c1d elementor-widget elementor-widget-text-editor\" data-id=\"3701c1d\" data-element_type=\"widget\" data-widget_type=\"text-editor.default\">\n\t\t\t\t<div class=\"elementor-widget-container\">\n\t\t\t\t\t\t\t<p><strong>Within the scope of the Employee Background Check service we offer:<\/strong><\/p><ul><li>The creation and management of your \"background check\" policies,<\/li><li>The verification of candidate\/employee documents and information,<\/li><li>Conducting private investigations according to the needs of the position.<\/li><\/ul>\t\t\t\t\t\t<\/div>\n\t\t\t\t<\/div>\n\t\t\t\t\t<\/div>\n\t\t<\/div>\n\t\t\t\t\t<\/div>\n\t\t<\/section>\n\t\t\t\t<section class=\"elementor-section elementor-top-section elementor-element elementor-element-f80ad49 elementor-section-boxed elementor-section-height-default elementor-section-height-default\" data-id=\"f80ad49\" data-element_type=\"section\">\n\t\t\t\t\t\t<div class=\"elementor-container elementor-column-gap-default\">\n\t\t\t\t\t<div class=\"elementor-column elementor-col-100 elementor-top-column elementor-element elementor-element-5baabde\" data-id=\"5baabde\" data-element_type=\"column\">\n\t\t\t<div class=\"elementor-widget-wrap elementor-element-populated\">\n\t\t\t\t\t\t<div class=\"elementor-element elementor-element-b213922 elementor-widget elementor-widget-text-editor\" data-id=\"b213922\" data-element_type=\"widget\" data-widget_type=\"text-editor.default\">\n\t\t\t\t<div class=\"elementor-widget-container translation-block\">If you need a digital, reliable, and fast solution for your Employee Background Check processes, we recommend you to take a look at our product, <strong style=\"color: #5f01ff\"><a href=\"https:\/\/mysa.tc\/en\/finalcheck\" \/>FinalCheck<\/a><\/strong>.<\/div>\n\t\t\t\t<\/div>\n\t\t\t\t\t<\/div>\n\t\t<\/div>\n\t\t\t\t\t<\/div>\n\t\t<\/section>\n\t\t\t\t<section class=\"elementor-section elementor-top-section elementor-element elementor-element-59ba36fe elementor-section-stretched elementor-section-full_width elementor-section-height-default elementor-section-height-default\" data-id=\"59ba36fe\" data-element_type=\"section\" data-settings=\"{&quot;stretch_section&quot;:&quot;section-stretched&quot;,&quot;background_background&quot;:&quot;classic&quot;}\">\n\t\t\t\t\t\t\t<div class=\"elementor-background-overlay\"><\/div>\n\t\t\t\t\t\t\t<div class=\"elementor-container elementor-column-gap-wider\">\n\t\t\t\t\t<div class=\"elementor-column elementor-col-100 elementor-top-column elementor-element elementor-element-72ca1c87\" data-id=\"72ca1c87\" data-element_type=\"column\" data-settings=\"{&quot;background_background&quot;:&quot;classic&quot;}\">\n\t\t\t<div class=\"elementor-widget-wrap elementor-element-populated\">\n\t\t\t\t\t\t<section class=\"elementor-section elementor-inner-section elementor-element elementor-element-2dac642e elementor-section-boxed elementor-section-height-default elementor-section-height-default\" data-id=\"2dac642e\" data-element_type=\"section\">\n\t\t\t\t\t\t<div class=\"elementor-container elementor-column-gap-wider\">\n\t\t\t\t\t<div class=\"elementor-column elementor-col-100 elementor-inner-column elementor-element elementor-element-44282ddc\" data-id=\"44282ddc\" data-element_type=\"column\">\n\t\t\t<div class=\"elementor-widget-wrap elementor-element-populated\">\n\t\t\t\t\t\t<div class=\"elementor-element elementor-element-59b95ec7 elementor-widget elementor-widget-heading\" data-id=\"59b95ec7\" data-element_type=\"widget\" data-widget_type=\"heading.default\">\n\t\t\t\t<div class=\"elementor-widget-container\">\n\t\t\t<h3 class=\"elementor-heading-title elementor-size-default\">Learn more about our products and services!<\/h3>\t\t<\/div>\n\t\t\t\t<\/div>\n\t\t\t\t<div class=\"elementor-element elementor-element-7c1028a9 elementor-mobile-align-center elementor-tablet-align-center elementor-widget elementor-widget-the7_button_widget\" data-id=\"7c1028a9\" data-element_type=\"widget\" data-widget_type=\"the7_button_widget.default\">\n\t\t\t\t<div class=\"elementor-widget-container\">\n\t\t\t<div class=\"elementor-button-wrapper\"><a href=\"https:\/\/mysa.tc\/en\/iletisim\/\" class=\"box-button elementor-button elementor-size-lg\">Contact Us<i aria-hidden=\"true\" class=\"elementor-button-icon  icomoon-the7-font-the7-mail-03\"><\/i><\/a><\/div>\t\t<\/div>\n\t\t\t\t<\/div>\n\t\t\t\t\t<\/div>\n\t\t<\/div>\n\t\t\t\t\t<\/div>\n\t\t<\/section>\n\t\t\t\t<section class=\"elementor-section elementor-inner-section elementor-element elementor-element-6550bad2 elementor-section-boxed elementor-section-height-default elementor-section-height-default\" data-id=\"6550bad2\" data-element_type=\"section\">\n\t\t\t\t\t\t<div class=\"elementor-container elementor-column-gap-default\">\n\t\t\t\t\t<div class=\"elementor-column elementor-col-50 elementor-inner-column elementor-element elementor-element-5b8fa4ad\" data-id=\"5b8fa4ad\" data-element_type=\"column\">\n\t\t\t<div class=\"elementor-widget-wrap elementor-element-populated\">\n\t\t\t\t\t\t<div class=\"elementor-element elementor-element-68570844 content-align-mobile-center icon-position-mobile-top icon-vertical-align-mobile-center icon-vertical-align-center elementor-widget__width-auto icon-box-vertical-align-top icon-position-left elementor-widget elementor-widget-the7_icon_box_widget\" data-id=\"68570844\" data-element_type=\"widget\" data-widget_type=\"the7_icon_box_widget.default\">\n\t\t\t\t<div class=\"elementor-widget-container\">\n\t\t\t\n\t\t<div class=\"the7-box-wrapper the7-elementor-widget the7_icon_box_widget-68570844\">\t\t\t<div class=\"box-content-wrapper\">\n\t\t\t\t\t\t\t\t\t<a class=\"elementor-icon-div\" href=\"tel: 902165594000\" target=\"_blank\">\t\t\t\t\t\t<div class=\"elementor-icon\">\n\t\t\t\t\t\t\t<i aria-hidden=\"true\" class=\"fas fa-phone-alt\"><\/i>\t\t\t\t\t\t<\/div>\n\t\t\t\t\t<\/a>\t\t\t\t\t\t\t\t<div class=\"box-content\">\n\t\t\t\t\t\t\t\t\t\t\t\t\t\t\t\t\t<h4 class=\"box-heading\">\n\t\t\t\t\t\t\t<a href=\"tel: 902165594000\" target=\"_blank\">\t\t\t\t\t\t\t\t+90 216 559 40 00\t\t\t\t\t\t\t<\/a>\t\t\t\t\t\t<\/h4>\n\t\t\t\t\t\t\t\t\t\t\n\t\t\t\t\t\n\t\t\t\t<\/div>\n\t\t\t<\/div>\n\t\t<\/div>\t\t\t<\/div>\n\t\t\t\t<\/div>\n\t\t\t\t\t<\/div>\n\t\t<\/div>\n\t\t\t\t<div class=\"elementor-column elementor-col-50 elementor-inner-column elementor-element elementor-element-287c1c71\" data-id=\"287c1c71\" data-element_type=\"column\">\n\t\t\t<div class=\"elementor-widget-wrap elementor-element-populated\">\n\t\t\t\t\t\t<div class=\"elementor-element elementor-element-bfaa8e5 content-align-mobile-center icon-position-mobile-top icon-vertical-align-mobile-center icon-vertical-align-center elementor-widget__width-auto icon-box-vertical-align-top icon-position-left elementor-widget elementor-widget-the7_icon_box_widget\" data-id=\"bfaa8e5\" data-element_type=\"widget\" data-widget_type=\"the7_icon_box_widget.default\">\n\t\t\t\t<div class=\"elementor-widget-container\">\n\t\t\t\n\t\t<div class=\"the7-box-wrapper the7-elementor-widget the7_icon_box_widget-bfaa8e5\">\t\t\t<div class=\"box-content-wrapper\">\n\t\t\t\t\t\t\t\t\t<a class=\"elementor-icon-div\" href=\"mailto:info@mysa.tc\">\t\t\t\t\t\t<div class=\"elementor-icon\">\n\t\t\t\t\t\t\t<i aria-hidden=\"true\" class=\"icomoon-the7-font-the7-mail-01\"><\/i>\t\t\t\t\t\t<\/div>\n\t\t\t\t\t<\/a>\t\t\t\t\t\t\t\t<div class=\"box-content\">\n\t\t\t\t\t\t\t\t\t\t\t\t\t\t\t\t\t<h4 class=\"box-heading\">\n\t\t\t\t\t\t\t<a href=\"mailto:info@mysa.tc\">\t\t\t\t\t\t\t\tinfo@mysa.tc\t\t\t\t\t\t\t<\/a>\t\t\t\t\t\t<\/h4>\n\t\t\t\t\t\t\t\t\t\t\n\t\t\t\t\t\n\t\t\t\t<\/div>\n\t\t\t<\/div>\n\t\t<\/div>\t\t\t<\/div>\n\t\t\t\t<\/div>\n\t\t\t\t\t<\/div>\n\t\t<\/div>\n\t\t\t\t\t<\/div>\n\t\t<\/section>\n\t\t\t\t\t<\/div>\n\t\t<\/div>\n\t\t\t\t\t<\/div>\n\t\t<\/section>\n\t\t\t\t<\/div>","protected":false},"excerpt":{"rendered":"<p>\u0130\u015fe al\u0131m s\u00fcrecinde ya\u015fanan suistimallerden dolay\u0131 d\u00fcnya genelinde +700 milyar dolar zarar ya\u015fand\u0131\u011f\u0131n\u0131 biliyor muydunuz? \u015eirket ve Kurumlarda kadrolu ve \/ veya ta\u015feron personel \u00fczerinden olu\u015fabilecek zararl\u0131 risklerin y\u00f6netiminde en etkili s\u00fcre\u00e7 i\u015fe al\u0131m \u00f6ncesi adaylar\u0131n \u00f6zge\u00e7mi\u015f do\u011frulama ve ara\u015ft\u0131rmalar\u0131n\u0131n yap\u0131lmas\u0131d\u0131r. Sahte diplomalar, sahte sertifikalar, de\u011fi\u015ftirilmi\u015f adli sicil belgeleri, sahte kimlik ve ikamet bilgileri ile&hellip;<\/p>","protected":false},"author":3,"featured_media":9295,"parent":0,"menu_order":60,"comment_status":"closed","ping_status":"closed","template":"","meta":{"footnotes":""},"class_list":["post-11642","page","type-page","status-publish","has-post-thumbnail","hentry"],"_links":{"self":[{"href":"https:\/\/mysa.tc\/en\/wp-json\/wp\/v2\/pages\/11642","targetHints":{"allow":["GET"]}}],"collection":[{"href":"https:\/\/mysa.tc\/en\/wp-json\/wp\/v2\/pages"}],"about":[{"href":"https:\/\/mysa.tc\/en\/wp-json\/wp\/v2\/types\/page"}],"author":[{"embeddable":true,"href":"https:\/\/mysa.tc\/en\/wp-json\/wp\/v2\/users\/3"}],"replies":[{"embeddable":true,"href":"https:\/\/mysa.tc\/en\/wp-json\/wp\/v2\/comments?post=11642"}],"version-history":[{"count":3,"href":"https:\/\/mysa.tc\/en\/wp-json\/wp\/v2\/pages\/11642\/revisions"}],"predecessor-version":[{"id":11677,"href":"https:\/\/mysa.tc\/en\/wp-json\/wp\/v2\/pages\/11642\/revisions\/11677"}],"wp:featuredmedia":[{"embeddable":true,"href":"https:\/\/mysa.tc\/en\/wp-json\/wp\/v2\/media\/9295"}],"wp:attachment":[{"href":"https:\/\/mysa.tc\/en\/wp-json\/wp\/v2\/media?parent=11642"}],"curies":[{"name":"wp","href":"https:\/\/api.w.org\/{rel}","templated":true}]}}