{"id":10121,"date":"2022-12-05T22:02:03","date_gmt":"2022-12-05T19:02:03","guid":{"rendered":"http:\/\/mysa.tc\/?page_id=10121"},"modified":"2023-05-10T15:36:29","modified_gmt":"2023-05-10T12:36:29","slug":"cozumlerimiz","status":"publish","type":"page","link":"https:\/\/mysa.tc\/en\/cozumlerimiz\/","title":{"rendered":"Solutions"},"content":{"rendered":"<div data-elementor-type=\"wp-page\" data-elementor-id=\"10121\" class=\"elementor elementor-10121\" data-elementor-post-type=\"page\">\n\t\t\t\t\t\t<section class=\"elementor-section elementor-top-section elementor-element elementor-element-a47dc93 elementor-section-boxed elementor-section-height-default elementor-section-height-default\" data-id=\"a47dc93\" data-element_type=\"section\">\n\t\t\t\t\t\t<div class=\"elementor-container elementor-column-gap-default\">\n\t\t\t\t\t<div class=\"elementor-column elementor-col-100 elementor-top-column elementor-element elementor-element-a79bdec\" data-id=\"a79bdec\" data-element_type=\"column\">\n\t\t\t<div class=\"elementor-widget-wrap elementor-element-populated\">\n\t\t\t\t\t\t<div class=\"elementor-element elementor-element-3d1ecab elementor-widget elementor-widget-text-editor\" data-id=\"3d1ecab\" data-element_type=\"widget\" data-widget_type=\"text-editor.default\">\n\t\t\t\t<div class=\"elementor-widget-container\">\n\t\t\t\t\t\t\t<p>We bring innovative solutions offered by our industry-leading partners to our customers in Turkey.<\/p>\t\t\t\t\t\t<\/div>\n\t\t\t\t<\/div>\n\t\t\t\t\t<\/div>\n\t\t<\/div>\n\t\t\t\t\t<\/div>\n\t\t<\/section>\n\t\t\t\t<section class=\"elementor-section elementor-top-section elementor-element elementor-element-dd62b47 elementor-section-boxed elementor-section-height-default elementor-section-height-default\" data-id=\"dd62b47\" data-element_type=\"section\">\n\t\t\t\t\t\t<div class=\"elementor-container elementor-column-gap-default\">\n\t\t\t\t\t<div class=\"elementor-column elementor-col-100 elementor-top-column elementor-element elementor-element-91d11f5\" data-id=\"91d11f5\" data-element_type=\"column\">\n\t\t\t<div class=\"elementor-widget-wrap elementor-element-populated\">\n\t\t\t\t\t\t<div class=\"elementor-element elementor-element-679faa5 elementor-widget elementor-widget-spacer\" data-id=\"679faa5\" data-element_type=\"widget\" data-widget_type=\"spacer.default\">\n\t\t\t\t<div class=\"elementor-widget-container\">\n\t\t\t\t\t<div class=\"elementor-spacer\">\n\t\t\t<div class=\"elementor-spacer-inner\"><\/div>\n\t\t<\/div>\n\t\t\t\t<\/div>\n\t\t\t\t<\/div>\n\t\t\t\t\t<\/div>\n\t\t<\/div>\n\t\t\t\t\t<\/div>\n\t\t<\/section>\n\t\t\t\t<section class=\"elementor-section elementor-top-section elementor-element elementor-element-16dbc332 elementor-section-boxed elementor-section-height-default elementor-section-height-default\" data-id=\"16dbc332\" data-element_type=\"section\" data-settings=\"{&quot;animation&quot;:&quot;none&quot;}\">\n\t\t\t\t\t\t<div class=\"elementor-container elementor-column-gap-default\">\n\t\t\t\t\t<div class=\"elementor-column elementor-col-50 elementor-top-column elementor-element elementor-element-281f99ac animated-slow elementor-invisible\" data-id=\"281f99ac\" data-element_type=\"column\" data-settings=\"{&quot;animation&quot;:&quot;zoomIn&quot;}\">\n\t\t\t<div class=\"elementor-widget-wrap elementor-element-populated\">\n\t\t\t\t\t\t<div class=\"elementor-element elementor-element-e2a3172 elementor-widget elementor-widget-image\" data-id=\"e2a3172\" data-element_type=\"widget\" data-widget_type=\"image.default\">\n\t\t\t\t<div class=\"elementor-widget-container\">\n\t\t\t\t\t\t\t\t\t\t\t\t\t<img fetchpriority=\"high\" decoding=\"async\" width=\"1024\" height=\"457\" src=\"https:\/\/mysa.tc\/wp-content\/uploads\/2023\/02\/anasayfa-banner-engage-01-yazisiz-1024x457.webp\" class=\"attachment-large size-large wp-image-10437\" alt=\"anasayfa-banner-engage-01-yazisiz\" srcset=\"https:\/\/mysa.tc\/wp-content\/uploads\/2023\/02\/anasayfa-banner-engage-01-yazisiz-1024x457.webp 1024w, https:\/\/mysa.tc\/wp-content\/uploads\/2023\/02\/anasayfa-banner-engage-01-yazisiz-300x134.webp 300w, https:\/\/mysa.tc\/wp-content\/uploads\/2023\/02\/anasayfa-banner-engage-01-yazisiz-768x343.webp 768w, https:\/\/mysa.tc\/wp-content\/uploads\/2023\/02\/anasayfa-banner-engage-01-yazisiz-18x8.webp 18w, https:\/\/mysa.tc\/wp-content\/uploads\/2023\/02\/anasayfa-banner-engage-01-yazisiz.webp 1343w\" sizes=\"(max-width: 1024px) 100vw, 1024px\" \/>\t\t\t\t\t\t\t\t\t\t\t\t\t<\/div>\n\t\t\t\t<\/div>\n\t\t\t\t<div class=\"elementor-element elementor-element-380502c5 elementor-widget elementor-widget-heading\" data-id=\"380502c5\" data-element_type=\"widget\" data-widget_type=\"heading.default\">\n\t\t\t\t<div class=\"elementor-widget-container\">\n\t\t\t<h3 class=\"elementor-heading-title elementor-size-default\">ENGAGE\u00ae Branded Call\n<\/h3>\t\t<\/div>\n\t\t\t\t<\/div>\n\t\t\t\t<div class=\"elementor-element elementor-element-5612e67 elementor-widget elementor-widget-text-editor\" data-id=\"5612e67\" data-element_type=\"widget\" data-widget_type=\"text-editor.default\">\n\t\t\t\t<div class=\"elementor-widget-container\">\n\t\t\t\t\t\t\t<p>Use ENGAGE\u00ae by First Orion to reach your customers through a branded call screen with your logo, brand and call message.<\/p>\t\t\t\t\t\t<\/div>\n\t\t\t\t<\/div>\n\t\t\t\t<div class=\"elementor-element elementor-element-61a5660 elementor-align-left elementor-tablet-align-justify elementor-widget elementor-widget-the7_button_widget\" data-id=\"61a5660\" data-element_type=\"widget\" data-widget_type=\"the7_button_widget.default\">\n\t\t\t\t<div class=\"elementor-widget-container\">\n\t\t\t<div class=\"elementor-button-wrapper\"><a href=\"https:\/\/mysa.tc\/en\/engage-branded-call\/\" class=\"box-button elementor-button elementor-size-md\">Learn More<\/a><\/div>\t\t<\/div>\n\t\t\t\t<\/div>\n\t\t\t\t\t<\/div>\n\t\t<\/div>\n\t\t\t\t<div class=\"elementor-column elementor-col-50 elementor-top-column elementor-element elementor-element-796da6f5 animated-slow elementor-invisible\" data-id=\"796da6f5\" data-element_type=\"column\" data-settings=\"{&quot;animation&quot;:&quot;zoomIn&quot;}\">\n\t\t\t<div class=\"elementor-widget-wrap elementor-element-populated\">\n\t\t\t\t\t\t<div class=\"elementor-element elementor-element-e3689e1 elementor-widget elementor-widget-image\" data-id=\"e3689e1\" data-element_type=\"widget\" data-widget_type=\"image.default\">\n\t\t\t\t<div class=\"elementor-widget-container\">\n\t\t\t\t\t\t\t\t\t\t\t\t\t<img decoding=\"async\" width=\"1024\" height=\"457\" src=\"https:\/\/mysa.tc\/wp-content\/uploads\/2023\/02\/anasayfa-banner-ocr-labs-02-yazisiz-1024x457.webp\" class=\"attachment-large size-large wp-image-10435\" alt=\"anasayfa-banner-ocr-labs-02-yazisiz\" srcset=\"https:\/\/mysa.tc\/wp-content\/uploads\/2023\/02\/anasayfa-banner-ocr-labs-02-yazisiz-1024x457.webp 1024w, https:\/\/mysa.tc\/wp-content\/uploads\/2023\/02\/anasayfa-banner-ocr-labs-02-yazisiz-300x134.webp 300w, https:\/\/mysa.tc\/wp-content\/uploads\/2023\/02\/anasayfa-banner-ocr-labs-02-yazisiz-768x343.webp 768w, https:\/\/mysa.tc\/wp-content\/uploads\/2023\/02\/anasayfa-banner-ocr-labs-02-yazisiz-18x8.webp 18w, https:\/\/mysa.tc\/wp-content\/uploads\/2023\/02\/anasayfa-banner-ocr-labs-02-yazisiz.webp 1343w\" sizes=\"(max-width: 1024px) 100vw, 1024px\" \/>\t\t\t\t\t\t\t\t\t\t\t\t\t<\/div>\n\t\t\t\t<\/div>\n\t\t\t\t<div class=\"elementor-element elementor-element-241e4ae5 elementor-widget elementor-widget-heading\" data-id=\"241e4ae5\" data-element_type=\"widget\" data-widget_type=\"heading.default\">\n\t\t\t\t<div class=\"elementor-widget-container\">\n\t\t\t<h2 class=\"elementor-heading-title elementor-size-default\">Digital and Biometric Identity Verification <\/h2>\t\t<\/div>\n\t\t\t\t<\/div>\n\t\t\t\t<div class=\"elementor-element elementor-element-3d3665d5 elementor-widget elementor-widget-text-editor\" data-id=\"3d3665d5\" data-element_type=\"widget\" data-widget_type=\"text-editor.default\">\n\t\t\t\t<div class=\"elementor-widget-container\">\n\t\t\t\t\t\t\t<p>Make your KYC and Digital Onboarding processes safer with OCR Labs Digital Identity Verification Solution.<\/p>\t\t\t\t\t\t<\/div>\n\t\t\t\t<\/div>\n\t\t\t\t<div class=\"elementor-element elementor-element-1af7c5f9 elementor-align-left elementor-tablet-align-justify elementor-widget elementor-widget-the7_button_widget\" data-id=\"1af7c5f9\" data-element_type=\"widget\" data-widget_type=\"the7_button_widget.default\">\n\t\t\t\t<div class=\"elementor-widget-container\">\n\t\t\t<div class=\"elementor-button-wrapper\"><a href=\"https:\/\/mysa.tc\/en\/dijital-ve-biyometrik-kimlik-dogrulama\/\" class=\"box-button elementor-button elementor-size-md\">Learn More<\/a><\/div>\t\t<\/div>\n\t\t\t\t<\/div>\n\t\t\t\t\t<\/div>\n\t\t<\/div>\n\t\t\t\t\t<\/div>\n\t\t<\/section>\n\t\t\t\t<section class=\"elementor-section elementor-top-section elementor-element elementor-element-8834596 elementor-section-boxed elementor-section-height-default elementor-section-height-default\" data-id=\"8834596\" data-element_type=\"section\" data-settings=\"{&quot;animation&quot;:&quot;none&quot;}\">\n\t\t\t\t\t\t<div class=\"elementor-container elementor-column-gap-default\">\n\t\t\t\t\t<div class=\"elementor-column elementor-col-50 elementor-top-column elementor-element elementor-element-ec6cf94 animated-slow elementor-invisible\" data-id=\"ec6cf94\" data-element_type=\"column\" data-settings=\"{&quot;animation&quot;:&quot;zoomIn&quot;}\">\n\t\t\t<div class=\"elementor-widget-wrap elementor-element-populated\">\n\t\t\t\t\t\t<div class=\"elementor-element elementor-element-26284e8 elementor-widget elementor-widget-image\" data-id=\"26284e8\" data-element_type=\"widget\" data-widget_type=\"image.default\">\n\t\t\t\t<div class=\"elementor-widget-container\">\n\t\t\t\t\t\t\t\t\t\t\t\t\t<img decoding=\"async\" width=\"1024\" height=\"439\" src=\"https:\/\/mysa.tc\/wp-content\/uploads\/2023\/03\/everbridge_acil_durum_iletisimi_3.alternatif-1024x439.jpg\" class=\"attachment-large size-large wp-image-11267\" alt=\"everbridge_acil_durum_iletisimi_3.alternatif\" srcset=\"https:\/\/mysa.tc\/wp-content\/uploads\/2023\/03\/everbridge_acil_durum_iletisimi_3.alternatif-1024x439.jpg 1024w, https:\/\/mysa.tc\/wp-content\/uploads\/2023\/03\/everbridge_acil_durum_iletisimi_3.alternatif-300x129.jpg 300w, https:\/\/mysa.tc\/wp-content\/uploads\/2023\/03\/everbridge_acil_durum_iletisimi_3.alternatif-768x329.jpg 768w, https:\/\/mysa.tc\/wp-content\/uploads\/2023\/03\/everbridge_acil_durum_iletisimi_3.alternatif.jpg 1400w\" sizes=\"(max-width: 1024px) 100vw, 1024px\" \/>\t\t\t\t\t\t\t\t\t\t\t\t\t<\/div>\n\t\t\t\t<\/div>\n\t\t\t\t<div class=\"elementor-element elementor-element-480bd90 elementor-widget elementor-widget-heading\" data-id=\"480bd90\" data-element_type=\"widget\" data-widget_type=\"heading.default\">\n\t\t\t\t<div class=\"elementor-widget-container\">\n\t\t\t<h2 class=\"elementor-heading-title elementor-size-default\">Emergency &amp; Mass Communication\n<\/h2>\t\t<\/div>\n\t\t\t\t<\/div>\n\t\t\t\t<div class=\"elementor-element elementor-element-6349ec1 elementor-widget elementor-widget-text-editor\" data-id=\"6349ec1\" data-element_type=\"widget\" data-widget_type=\"text-editor.default\">\n\t\t\t\t<div class=\"elementor-widget-container\">\n\t\t\t\t\t\t\t<p>Keep your employees safe and your organization running with Everbridge\u2019s Mass Notification technology.\u00a0<\/p>\t\t\t\t\t\t<\/div>\n\t\t\t\t<\/div>\n\t\t\t\t<div class=\"elementor-element elementor-element-f55873b elementor-align-left elementor-tablet-align-justify elementor-widget elementor-widget-the7_button_widget\" data-id=\"f55873b\" data-element_type=\"widget\" data-widget_type=\"the7_button_widget.default\">\n\t\t\t\t<div class=\"elementor-widget-container\">\n\t\t\t<div class=\"elementor-button-wrapper\"><a href=\"https:\/\/mysa.tc\/en\/acil-durum-iletisimi\/\" class=\"box-button elementor-button elementor-size-md\">Learn More<\/a><\/div>\t\t<\/div>\n\t\t\t\t<\/div>\n\t\t\t\t\t<\/div>\n\t\t<\/div>\n\t\t\t\t<div class=\"elementor-column elementor-col-50 elementor-top-column elementor-element elementor-element-4e9321b animated-slow elementor-invisible\" data-id=\"4e9321b\" data-element_type=\"column\" data-settings=\"{&quot;animation&quot;:&quot;zoomIn&quot;}\">\n\t\t\t<div class=\"elementor-widget-wrap\">\n\t\t\t\t\t\t\t<\/div>\n\t\t<\/div>\n\t\t\t\t\t<\/div>\n\t\t<\/section>\n\t\t\t\t<section class=\"elementor-section elementor-top-section elementor-element elementor-element-67d1a8ac elementor-section-stretched elementor-section-full_width elementor-section-height-default elementor-section-height-default\" data-id=\"67d1a8ac\" data-element_type=\"section\" data-settings=\"{&quot;stretch_section&quot;:&quot;section-stretched&quot;,&quot;background_background&quot;:&quot;classic&quot;}\">\n\t\t\t\t\t\t\t<div class=\"elementor-background-overlay\"><\/div>\n\t\t\t\t\t\t\t<div class=\"elementor-container elementor-column-gap-wider\">\n\t\t\t\t\t<div class=\"elementor-column elementor-col-100 elementor-top-column elementor-element elementor-element-37f331a0\" data-id=\"37f331a0\" data-element_type=\"column\" data-settings=\"{&quot;background_background&quot;:&quot;classic&quot;}\">\n\t\t\t<div class=\"elementor-widget-wrap elementor-element-populated\">\n\t\t\t\t\t\t<section class=\"elementor-section elementor-inner-section elementor-element elementor-element-6eb94200 elementor-section-boxed elementor-section-height-default elementor-section-height-default\" data-id=\"6eb94200\" data-element_type=\"section\">\n\t\t\t\t\t\t<div class=\"elementor-container elementor-column-gap-wider\">\n\t\t\t\t\t<div class=\"elementor-column elementor-col-100 elementor-inner-column elementor-element elementor-element-10d13185\" data-id=\"10d13185\" data-element_type=\"column\">\n\t\t\t<div class=\"elementor-widget-wrap elementor-element-populated\">\n\t\t\t\t\t\t<div class=\"elementor-element elementor-element-6bb2ebb6 elementor-widget elementor-widget-heading\" data-id=\"6bb2ebb6\" data-element_type=\"widget\" data-widget_type=\"heading.default\">\n\t\t\t\t<div class=\"elementor-widget-container\">\n\t\t\t<h3 class=\"elementor-heading-title elementor-size-default\">Learn more about our products and services!<\/h3>\t\t<\/div>\n\t\t\t\t<\/div>\n\t\t\t\t<div class=\"elementor-element elementor-element-53dba309 elementor-mobile-align-center elementor-tablet-align-center elementor-widget elementor-widget-the7_button_widget\" data-id=\"53dba309\" data-element_type=\"widget\" data-widget_type=\"the7_button_widget.default\">\n\t\t\t\t<div class=\"elementor-widget-container\">\n\t\t\t<div class=\"elementor-button-wrapper\"><a href=\"https:\/\/mysa.tc\/en\/iletisim\/\" class=\"box-button elementor-button elementor-size-lg\">Contact Us<i aria-hidden=\"true\" class=\"elementor-button-icon  icomoon-the7-font-the7-mail-03\"><\/i><\/a><\/div>\t\t<\/div>\n\t\t\t\t<\/div>\n\t\t\t\t\t<\/div>\n\t\t<\/div>\n\t\t\t\t\t<\/div>\n\t\t<\/section>\n\t\t\t\t<section class=\"elementor-section elementor-inner-section elementor-element elementor-element-1f1623b4 elementor-section-boxed elementor-section-height-default elementor-section-height-default\" data-id=\"1f1623b4\" data-element_type=\"section\">\n\t\t\t\t\t\t<div class=\"elementor-container elementor-column-gap-default\">\n\t\t\t\t\t<div class=\"elementor-column elementor-col-50 elementor-inner-column elementor-element elementor-element-568813e\" data-id=\"568813e\" data-element_type=\"column\">\n\t\t\t<div class=\"elementor-widget-wrap elementor-element-populated\">\n\t\t\t\t\t\t<div class=\"elementor-element elementor-element-56b12005 content-align-mobile-center icon-position-mobile-top icon-vertical-align-mobile-center icon-vertical-align-center elementor-widget__width-auto icon-box-vertical-align-top icon-position-left elementor-widget elementor-widget-the7_icon_box_widget\" data-id=\"56b12005\" data-element_type=\"widget\" data-widget_type=\"the7_icon_box_widget.default\">\n\t\t\t\t<div class=\"elementor-widget-container\">\n\t\t\t\n\t\t<div class=\"the7-box-wrapper the7-elementor-widget the7_icon_box_widget-56b12005\">\t\t\t<div class=\"box-content-wrapper\">\n\t\t\t\t\t\t\t\t\t<a class=\"elementor-icon-div\" href=\"tel: 902165594000\" target=\"_blank\">\t\t\t\t\t\t<div class=\"elementor-icon\">\n\t\t\t\t\t\t\t<i aria-hidden=\"true\" class=\"fas fa-phone-alt\"><\/i>\t\t\t\t\t\t<\/div>\n\t\t\t\t\t<\/a>\t\t\t\t\t\t\t\t<div class=\"box-content\">\n\t\t\t\t\t\t\t\t\t\t\t\t\t\t\t\t\t<h4 class=\"box-heading\">\n\t\t\t\t\t\t\t<a href=\"tel: 902165594000\" target=\"_blank\">\t\t\t\t\t\t\t\t+90 216 559 40 00\t\t\t\t\t\t\t<\/a>\t\t\t\t\t\t<\/h4>\n\t\t\t\t\t\t\t\t\t\t\n\t\t\t\t\t\n\t\t\t\t<\/div>\n\t\t\t<\/div>\n\t\t<\/div>\t\t\t<\/div>\n\t\t\t\t<\/div>\n\t\t\t\t\t<\/div>\n\t\t<\/div>\n\t\t\t\t<div class=\"elementor-column elementor-col-50 elementor-inner-column elementor-element elementor-element-3d5ddf52\" data-id=\"3d5ddf52\" data-element_type=\"column\">\n\t\t\t<div class=\"elementor-widget-wrap elementor-element-populated\">\n\t\t\t\t\t\t<div class=\"elementor-element elementor-element-493a0420 content-align-mobile-center icon-position-mobile-top icon-vertical-align-mobile-center icon-vertical-align-center elementor-widget__width-auto icon-box-vertical-align-top icon-position-left elementor-widget elementor-widget-the7_icon_box_widget\" data-id=\"493a0420\" data-element_type=\"widget\" data-widget_type=\"the7_icon_box_widget.default\">\n\t\t\t\t<div class=\"elementor-widget-container\">\n\t\t\t\n\t\t<div class=\"the7-box-wrapper the7-elementor-widget the7_icon_box_widget-493a0420\">\t\t\t<div class=\"box-content-wrapper\">\n\t\t\t\t\t\t\t\t\t<a class=\"elementor-icon-div\" href=\"mailto:info@mysa.tc\">\t\t\t\t\t\t<div class=\"elementor-icon\">\n\t\t\t\t\t\t\t<i aria-hidden=\"true\" class=\"icomoon-the7-font-the7-mail-01\"><\/i>\t\t\t\t\t\t<\/div>\n\t\t\t\t\t<\/a>\t\t\t\t\t\t\t\t<div class=\"box-content\">\n\t\t\t\t\t\t\t\t\t\t\t\t\t\t\t\t\t<h4 class=\"box-heading\">\n\t\t\t\t\t\t\t<a href=\"mailto:info@mysa.tc\">\t\t\t\t\t\t\t\tinfo@mysa.tc\t\t\t\t\t\t\t<\/a>\t\t\t\t\t\t<\/h4>\n\t\t\t\t\t\t\t\t\t\t\n\t\t\t\t\t\n\t\t\t\t<\/div>\n\t\t\t<\/div>\n\t\t<\/div>\t\t\t<\/div>\n\t\t\t\t<\/div>\n\t\t\t\t\t<\/div>\n\t\t<\/div>\n\t\t\t\t\t<\/div>\n\t\t<\/section>\n\t\t\t\t\t<\/div>\n\t\t<\/div>\n\t\t\t\t\t<\/div>\n\t\t<\/section>\n\t\t\t\t<\/div>","protected":false},"excerpt":{"rendered":"<p>Alan\u0131nda lider i\u015f ortaklar\u0131m\u0131z\u0131n sundu\u011fu yeni nesil \u00e7\u00f6z\u00fcmleri T\u00fcrkiye\u2019deki m\u00fc\u015fterilerimizle bulu\u015fturuyoruz. ENGAGE\u00ae Branded Call (Logolu ve Markal\u0131 Arama Ekran\u0131) First Orion\u2019\u0131n geli\u015ftirdi\u011fi ENGAGE\u00ae \u00fcr\u00fcn\u00fc ile m\u00fc\u015fterilerinize logolu ve markal\u0131 arama ekran\u0131 ile ula\u015farak g\u00fcvenli bir arama deneyimi sa\u011flay\u0131n. Detaylar Dijital ve Biyometrik Kimlik Do\u011frulama KYC ve Uzaktan M\u00fc\u015fteri Edinimi (Digital Onboarding) s\u00fcre\u00e7lerinizi OCR Labs Dijital&hellip;<\/p>","protected":false},"author":2,"featured_media":8982,"parent":0,"menu_order":40,"comment_status":"closed","ping_status":"closed","template":"","meta":{"footnotes":""},"class_list":["post-10121","page","type-page","status-publish","has-post-thumbnail","hentry"],"_links":{"self":[{"href":"https:\/\/mysa.tc\/en\/wp-json\/wp\/v2\/pages\/10121","targetHints":{"allow":["GET"]}}],"collection":[{"href":"https:\/\/mysa.tc\/en\/wp-json\/wp\/v2\/pages"}],"about":[{"href":"https:\/\/mysa.tc\/en\/wp-json\/wp\/v2\/types\/page"}],"author":[{"embeddable":true,"href":"https:\/\/mysa.tc\/en\/wp-json\/wp\/v2\/users\/2"}],"replies":[{"embeddable":true,"href":"https:\/\/mysa.tc\/en\/wp-json\/wp\/v2\/comments?post=10121"}],"version-history":[{"count":43,"href":"https:\/\/mysa.tc\/en\/wp-json\/wp\/v2\/pages\/10121\/revisions"}],"predecessor-version":[{"id":11500,"href":"https:\/\/mysa.tc\/en\/wp-json\/wp\/v2\/pages\/10121\/revisions\/11500"}],"wp:featuredmedia":[{"embeddable":true,"href":"https:\/\/mysa.tc\/en\/wp-json\/wp\/v2\/media\/8982"}],"wp:attachment":[{"href":"https:\/\/mysa.tc\/en\/wp-json\/wp\/v2\/media?parent=10121"}],"curies":[{"name":"wp","href":"https:\/\/api.w.org\/{rel}","templated":true}]}}