{"id":10030,"date":"2022-11-30T22:33:11","date_gmt":"2022-11-30T19:33:11","guid":{"rendered":"http:\/\/mysa.tc\/?page_id=10030"},"modified":"2023-06-22T11:40:04","modified_gmt":"2023-06-22T08:40:04","slug":"dijital-ve-biyometrik-kimlik-dogrulama-cozumleri","status":"publish","type":"page","link":"https:\/\/mysa.tc\/en\/dijital-ve-biyometrik-kimlik-dogrulama-cozumleri\/","title":{"rendered":"Digital and Biometric Identity Verification"},"content":{"rendered":"<div data-elementor-type=\"wp-page\" data-elementor-id=\"10030\" class=\"elementor elementor-10030\" data-elementor-post-type=\"page\">\n\t\t\t\t\t\t<section class=\"elementor-section elementor-top-section elementor-element elementor-element-b5feb80 elementor-section-boxed elementor-section-height-default elementor-section-height-default\" data-id=\"b5feb80\" data-element_type=\"section\">\n\t\t\t\t\t\t<div class=\"elementor-container elementor-column-gap-wider\">\n\t\t\t\t\t<div class=\"elementor-column elementor-col-50 elementor-top-column elementor-element elementor-element-cb0dcff\" data-id=\"cb0dcff\" data-element_type=\"column\">\n\t\t\t<div class=\"elementor-widget-wrap elementor-element-populated\">\n\t\t\t\t\t\t<div class=\"elementor-element elementor-element-dd055b8 elementor-widget elementor-widget-heading\" data-id=\"dd055b8\" data-element_type=\"widget\" data-widget_type=\"heading.default\">\n\t\t\t\t<div class=\"elementor-widget-container\">\n\t\t\t<h2 class=\"elementor-heading-title elementor-size-default\">Digital and Biometric Identity Verification:<\/h2>\t\t<\/div>\n\t\t\t\t<\/div>\n\t\t\t\t\t<\/div>\n\t\t<\/div>\n\t\t\t\t<div class=\"elementor-column elementor-col-50 elementor-top-column elementor-element elementor-element-f0c05e6\" data-id=\"f0c05e6\" data-element_type=\"column\">\n\t\t\t<div class=\"elementor-widget-wrap elementor-element-populated\">\n\t\t\t\t\t\t<div class=\"elementor-element elementor-element-bcdda8c elementor-widget elementor-widget-image\" data-id=\"bcdda8c\" data-element_type=\"widget\" data-widget_type=\"image.default\">\n\t\t\t\t<div class=\"elementor-widget-container\">\n\t\t\t\t\t\t\t\t\t\t\t\t\t<img fetchpriority=\"high\" decoding=\"async\" width=\"613\" height=\"228\" src=\"https:\/\/mysa.tc\/wp-content\/uploads\/2023\/06\/idverse.webp\" class=\"attachment-medium_large size-medium_large wp-image-11589\" alt=\"idverse\" srcset=\"https:\/\/mysa.tc\/wp-content\/uploads\/2023\/06\/idverse.webp 613w, https:\/\/mysa.tc\/wp-content\/uploads\/2023\/06\/idverse-300x112.webp 300w, https:\/\/mysa.tc\/wp-content\/uploads\/2023\/06\/idverse-18x7.webp 18w\" sizes=\"(max-width: 613px) 100vw, 613px\" \/>\t\t\t\t\t\t\t\t\t\t\t\t\t<\/div>\n\t\t\t\t<\/div>\n\t\t\t\t\t<\/div>\n\t\t<\/div>\n\t\t\t\t\t<\/div>\n\t\t<\/section>\n\t\t\t\t<section class=\"elementor-section elementor-top-section elementor-element elementor-element-c6b87d1 elementor-section-boxed elementor-section-height-default elementor-section-height-default\" data-id=\"c6b87d1\" data-element_type=\"section\">\n\t\t\t\t\t\t<div class=\"elementor-container elementor-column-gap-default\">\n\t\t\t\t\t<div class=\"elementor-column elementor-col-50 elementor-top-column elementor-element elementor-element-0b3dfa6\" data-id=\"0b3dfa6\" data-element_type=\"column\">\n\t\t\t<div class=\"elementor-widget-wrap elementor-element-populated\">\n\t\t\t\t\t\t<div class=\"elementor-element elementor-element-5dcb9fc elementor-widget elementor-widget-image\" data-id=\"5dcb9fc\" data-element_type=\"widget\" data-widget_type=\"image.default\">\n\t\t\t\t<div class=\"elementor-widget-container\">\n\t\t\t\t\t\t\t\t\t\t\t\t\t<img decoding=\"async\" width=\"300\" height=\"300\" src=\"https:\/\/mysa.tc\/wp-content\/uploads\/2023\/03\/ocr_labs_yuvarlak_gorsel_02-300x300.jpg\" class=\"attachment-medium size-medium wp-image-10963\" alt=\"ocr_labs_yuvarlak_gorsel_02\" srcset=\"https:\/\/mysa.tc\/wp-content\/uploads\/2023\/03\/ocr_labs_yuvarlak_gorsel_02-300x300.jpg 300w, https:\/\/mysa.tc\/wp-content\/uploads\/2023\/03\/ocr_labs_yuvarlak_gorsel_02-150x150.jpg 150w, https:\/\/mysa.tc\/wp-content\/uploads\/2023\/03\/ocr_labs_yuvarlak_gorsel_02-12x12.jpg 12w, https:\/\/mysa.tc\/wp-content\/uploads\/2023\/03\/ocr_labs_yuvarlak_gorsel_02.jpg 534w\" sizes=\"(max-width: 300px) 100vw, 300px\" \/>\t\t\t\t\t\t\t\t\t\t\t\t\t<\/div>\n\t\t\t\t<\/div>\n\t\t\t\t\t<\/div>\n\t\t<\/div>\n\t\t\t\t<div class=\"elementor-column elementor-col-50 elementor-top-column elementor-element elementor-element-b5ad727\" data-id=\"b5ad727\" data-element_type=\"column\">\n\t\t\t<div class=\"elementor-widget-wrap elementor-element-populated\">\n\t\t\t\t\t\t<div class=\"elementor-element elementor-element-c3f4659 widget-divider-yes the7-e-tabs-nav-justify-space-around the7-e-tabs-view-horizontal icon-align-left elementor-widget elementor-widget-the7-tabs\" data-id=\"c3f4659\" data-element_type=\"widget\" data-settings=\"{&quot;accordion_breakpoint&quot;:&quot;none&quot;}\" data-widget_type=\"the7-tabs.default\">\n\t\t\t\t<div class=\"elementor-widget-container\">\n\t\t\t\t<div class=\"the7-e-tabs-wrapper\">\n\t\t<div class=\"the7-e-tabs-nav-wrapper\">\n\t\t\t<div class=\"the7-e-tabs-nav-scroll-wrapper\">\n\t\t\t\t<div class=\"the7-e-tabs-nav\" role=\"tablist\">\n\t\t\t\t\t\t\t\t\t\t<span class=\"item-divider\" aria-hidden=\"true\"><\/span>\n\t\t\t\t\t\t\t\t\t\t\t\t<div id=\"the7-e-tab-title-2051\" class=\"the7-e-tab-title\" aria-selected=\"true\" data-tab=\"1\" role=\"tab\" tabindex=\"0\" aria-controls=\"the7-e-tab-content-2051\" aria-expanded=\"false\">\n\t\t\t\t\t\t\t\t\t\t\t\t\t\t<h5 class=\"the7-e-tab-title-text\">\n\t\t\t\t\t\t\tDigital and Biometric Identity Verification \t\t\t\t\t\t\t<\/h5>\n\t\t\t\t\t\t<\/div>\n\t\t\t\t\t\t<span class=\"item-divider\" aria-hidden=\"true\"><\/span>\n\t\t\t\t\t\t\t\t\t\t\t<div id=\"the7-e-tab-title-2052\" class=\"the7-e-tab-title\" aria-selected=\"false\" data-tab=\"2\" role=\"tab\" tabindex=\"-1\" aria-controls=\"the7-e-tab-content-2052\" aria-expanded=\"false\">\n\t\t\t\t\t\t\t\t\t\t\t\t\t\t<h5 class=\"the7-e-tab-title-text\">\n\t\t\t\t\t\t\tTechnologies\t\t\t\t\t\t\t<\/h5>\n\t\t\t\t\t\t<\/div>\n\t\t\t\t\t\t<span class=\"item-divider\" aria-hidden=\"true\"><\/span>\n\t\t\t\t\t\t\t\t\t<\/div>\n\t\t\t<\/div>\n\t\t\t<div class=\"the7-e-tab-nav-button left-button\"><\/div>\n\t\t\t<div class=\"the7-e-tab-nav-button right-button\"><\/div>\n\t\t<\/div>\n\t\t<div class=\"the7-e-tabs-content\" role=\"tablist\" aria-orientation=\"vertical\">\n\t\t\t<span class=\"item-divider\" aria-hidden=\"true\"><\/span>\n\t\t\t\t\t\t\t<div class=\"the7-e-tab-item-wrapper\" data-tab=\"1\">\n\t\t\t\t\t<div class=\"the7-e-tab-title\" aria-selected=\"true\" data-tab=\"1\" role=\"tab\" tabindex=\"0\" aria-controls=\"elementor-tab-content-2051\" aria-expanded=\"false\">\n\t\t\t\t\t\t\t\t\t\t\t\t<h5 class=\"the7-e-tab-title-text\">\n\t\t\t\t\t\t\tDigital and Biometric Identity Verification \t\t\t\t\t\t<\/h5>\n\t\t\t\t\t<\/div>\n\t\t\t\t\t<div id=\"the7-e-tab-content-2051\" class=\"the7-e-tab-content the7-e-tab-text-content\" data-tab=\"1\" role=\"tabpanel\" aria-labelledby=\"the7-e-tab-title-2051\" tabindex=\"0\" hidden=\"false\"><div style=\"text-align: left;\"><p>Sahte kimlik ve olas\u0131 doland\u0131r\u0131c\u0131l\u0131k tespitinde<strong> %99.97<\/strong> ba\u015far\u0131 oran\u0131 ile end\u00fcstri lideri olan i\u015f orta\u011f\u0131m\u0131z IDVerse firmas\u0131n\u0131n geli\u015ftirdi\u011fi teknoloji sayesinde KYC ve uzaktan m\u00fc\u015fteri edinimi (digital onboarding) s\u00fcre\u00e7lerinizi g\u00fcvenle y\u00fcr\u00fct\u00fcn.<\/p><p>Using a single software, you can:<\/p><ul><li>Enhance your customer experience.<\/li><li>Conduct your KYC and AML processes quickly and securely.<\/li><li>Protect your company against identity fraud attacks.<\/li><\/ul><\/div><p><strong>Safely verify your customers' identities.<\/strong><\/p><p>\u0130\u015f orta\u011f\u0131m\u0131z IDVerse&#8217;\u00fcn geli\u015ftirdi\u011fi yeni nesil biyometrik ve dijital kimlik do\u011frulama yaz\u0131l\u0131m\u0131 <strong>124 dilde<\/strong>, <strong>230 \u00fclkede<\/strong>, <strong>16.000 kimlik dok\u00fcman\u0131n\u0131<\/strong> i\u015fleyebilmekte ve do\u011frulayabilmektedir. Ayr\u0131ca, IDVerse dijital kimlik do\u011frulama sekt\u00f6r\u00fcnde en fazla sertifikasyona sahip \u015firkettir.<\/p><\/div>\n\t\t\t\t<\/div>\n\t\t\t\t<span class=\"item-divider\" aria-hidden=\"true\"><\/span>\n\t\t\t\t\t\t\t<div class=\"the7-e-tab-item-wrapper\" data-tab=\"2\">\n\t\t\t\t\t<div class=\"the7-e-tab-title\" aria-selected=\"false\" data-tab=\"2\" role=\"tab\" tabindex=\"-1\" aria-controls=\"elementor-tab-content-2052\" aria-expanded=\"false\">\n\t\t\t\t\t\t\t\t\t\t\t\t<h5 class=\"the7-e-tab-title-text\">\n\t\t\t\t\t\t\tTechnologies\t\t\t\t\t\t<\/h5>\n\t\t\t\t\t<\/div>\n\t\t\t\t\t<div id=\"the7-e-tab-content-2052\" class=\"the7-e-tab-content the7-e-tab-text-content\" data-tab=\"2\" role=\"tabpanel\" aria-labelledby=\"the7-e-tab-title-2052\" tabindex=\"0\" hidden=\"hidden\"><p>IDVerse Dijital Kimlik Do\u011frulama \u00e7\u00f6z\u00fcm\u00fc ile \u015firketinizin <strong>m\u00fc\u015fteri edinimi s\u00fcrecini kolayla\u015ft\u0131r\u0131n<\/strong>, <strong>doland\u0131r\u0131c\u0131l\u0131\u011f\u0131 azalt\u0131n<\/strong> and <strong>yasal y\u00fck\u00fcml\u00fcl\u00fckleri yerine getirin<\/strong>.<\/p><ul><li class=\" translation-block\">Instantly detect fake and tampered identity documents with <strong>Fake Identity Document Analysis.<\/strong><\/li><li class=\" translation-block\">Easily match the customer's face with the scanned photo on the identity document through <strong>Face Recognition\/Matching Technology.<\/strong><\/li><li class=\" translation-block\">Prevent pixel changes, deep fake attempts, masked attacks, and more with <strong>Liveness Analysis.<\/strong><\/li><li class=\" translation-block\">Integrate the information on the identity document into your system with<strong>OCR technology.<\/strong><\/li><li class=\" translation-block\">Verify the NFC chip on the identity document with <strong>NFC authentication.<\/strong><\/li><\/ul><p class=\" translation-block\">Do all of this in <strong>under 30 seconds!<\/strong><\/p><\/div>\n\t\t\t\t<\/div>\n\t\t\t\t<span class=\"item-divider\" aria-hidden=\"true\"><\/span>\n\t\t\t\t\t<\/div>\n\t<\/div>\n\t\t\t\t<\/div>\n\t\t\t\t<\/div>\n\t\t\t\t\t<\/div>\n\t\t<\/div>\n\t\t\t\t\t<\/div>\n\t\t<\/section>\n\t\t\t\t<section class=\"elementor-section elementor-top-section elementor-element elementor-element-3c59368 elementor-section-boxed elementor-section-height-default elementor-section-height-default\" data-id=\"3c59368\" data-element_type=\"section\">\n\t\t\t\t\t\t<div class=\"elementor-container elementor-column-gap-default\">\n\t\t\t\t\t<div class=\"elementor-column elementor-col-100 elementor-top-column elementor-element elementor-element-6928b73\" data-id=\"6928b73\" data-element_type=\"column\">\n\t\t\t<div class=\"elementor-widget-wrap elementor-element-populated\">\n\t\t\t\t\t\t<div class=\"elementor-element elementor-element-04987cb elementor-widget elementor-widget-spacer\" data-id=\"04987cb\" data-element_type=\"widget\" data-widget_type=\"spacer.default\">\n\t\t\t\t<div class=\"elementor-widget-container\">\n\t\t\t\t\t<div class=\"elementor-spacer\">\n\t\t\t<div class=\"elementor-spacer-inner\"><\/div>\n\t\t<\/div>\n\t\t\t\t<\/div>\n\t\t\t\t<\/div>\n\t\t\t\t\t<\/div>\n\t\t<\/div>\n\t\t\t\t\t<\/div>\n\t\t<\/section>\n\t\t\t\t<section class=\"elementor-section elementor-top-section elementor-element elementor-element-cb85978 elementor-section-boxed elementor-section-height-default elementor-section-height-default\" data-id=\"cb85978\" data-element_type=\"section\">\n\t\t\t\t\t\t<div class=\"elementor-container elementor-column-gap-default\">\n\t\t\t\t\t<div class=\"elementor-column elementor-col-100 elementor-top-column elementor-element elementor-element-3e15b29\" data-id=\"3e15b29\" data-element_type=\"column\">\n\t\t\t<div class=\"elementor-widget-wrap elementor-element-populated\">\n\t\t\t\t\t\t<div class=\"elementor-element elementor-element-e404c2e elementor-widget elementor-widget-heading\" data-id=\"e404c2e\" data-element_type=\"widget\" data-widget_type=\"heading.default\">\n\t\t\t\t<div class=\"elementor-widget-container\">\n\t\t\t<h3 class=\"elementor-heading-title elementor-size-default\">IDVerse\u2019\u00fcn Dijital ve Biyometrik Kimlik Do\u011frulama teknolojisi ile m\u00fc\u015fteri kimliklerini g\u00fcvenle do\u011frulay\u0131n.<\/h3>\t\t<\/div>\n\t\t\t\t<\/div>\n\t\t\t\t\t<\/div>\n\t\t<\/div>\n\t\t\t\t\t<\/div>\n\t\t<\/section>\n\t\t\t\t<section class=\"elementor-section elementor-top-section elementor-element elementor-element-0422efe elementor-section-boxed elementor-section-height-default elementor-section-height-default\" data-id=\"0422efe\" data-element_type=\"section\">\n\t\t\t\t\t\t<div class=\"elementor-container elementor-column-gap-default\">\n\t\t\t\t\t<div class=\"elementor-column elementor-col-100 elementor-top-column elementor-element elementor-element-1dfa4f4\" data-id=\"1dfa4f4\" data-element_type=\"column\">\n\t\t\t<div class=\"elementor-widget-wrap elementor-element-populated\">\n\t\t\t\t\t\t<div class=\"elementor-element elementor-element-c7d414c elementor-widget elementor-widget-image\" data-id=\"c7d414c\" data-element_type=\"widget\" data-widget_type=\"image.default\">\n\t\t\t\t<div class=\"elementor-widget-container\">\n\t\t\t\t\t\t\t\t\t\t\t\t\t<img decoding=\"async\" width=\"1614\" height=\"558\" src=\"https:\/\/mysa.tc\/wp-content\/uploads\/2023\/03\/ocr_labs_infografik_adimlar.jpg\" class=\"attachment-full size-full wp-image-10967\" alt=\"ocr_labs_infografik_adimlar\" srcset=\"https:\/\/mysa.tc\/wp-content\/uploads\/2023\/03\/ocr_labs_infografik_adimlar.jpg 1614w, https:\/\/mysa.tc\/wp-content\/uploads\/2023\/03\/ocr_labs_infografik_adimlar-300x104.jpg 300w, https:\/\/mysa.tc\/wp-content\/uploads\/2023\/03\/ocr_labs_infografik_adimlar-1024x354.jpg 1024w, https:\/\/mysa.tc\/wp-content\/uploads\/2023\/03\/ocr_labs_infografik_adimlar-768x266.jpg 768w, https:\/\/mysa.tc\/wp-content\/uploads\/2023\/03\/ocr_labs_infografik_adimlar-1536x531.jpg 1536w, https:\/\/mysa.tc\/wp-content\/uploads\/2023\/03\/ocr_labs_infografik_adimlar-18x6.jpg 18w\" sizes=\"(max-width: 1614px) 100vw, 1614px\" \/>\t\t\t\t\t\t\t\t\t\t\t\t\t<\/div>\n\t\t\t\t<\/div>\n\t\t\t\t\t<\/div>\n\t\t<\/div>\n\t\t\t\t\t<\/div>\n\t\t<\/section>\n\t\t\t\t<section class=\"elementor-section elementor-top-section elementor-element elementor-element-3150145 elementor-section-boxed elementor-section-height-default elementor-section-height-default\" data-id=\"3150145\" data-element_type=\"section\">\n\t\t\t\t\t\t<div class=\"elementor-container elementor-column-gap-default\">\n\t\t\t\t\t<div class=\"elementor-column elementor-col-100 elementor-top-column elementor-element elementor-element-ebe2d65\" data-id=\"ebe2d65\" data-element_type=\"column\">\n\t\t\t<div class=\"elementor-widget-wrap\">\n\t\t\t\t\t\t\t<\/div>\n\t\t<\/div>\n\t\t\t\t\t<\/div>\n\t\t<\/section>\n\t\t\t\t<section class=\"elementor-section elementor-top-section elementor-element elementor-element-59ba36fe elementor-section-stretched elementor-section-full_width elementor-section-height-default elementor-section-height-default\" data-id=\"59ba36fe\" data-element_type=\"section\" data-settings=\"{&quot;stretch_section&quot;:&quot;section-stretched&quot;,&quot;background_background&quot;:&quot;classic&quot;}\">\n\t\t\t\t\t\t\t<div class=\"elementor-background-overlay\"><\/div>\n\t\t\t\t\t\t\t<div class=\"elementor-container elementor-column-gap-wider\">\n\t\t\t\t\t<div class=\"elementor-column elementor-col-100 elementor-top-column elementor-element elementor-element-72ca1c87\" data-id=\"72ca1c87\" data-element_type=\"column\" data-settings=\"{&quot;background_background&quot;:&quot;classic&quot;}\">\n\t\t\t<div class=\"elementor-widget-wrap elementor-element-populated\">\n\t\t\t\t\t\t<section class=\"elementor-section elementor-inner-section elementor-element elementor-element-2dac642e elementor-section-boxed elementor-section-height-default elementor-section-height-default\" data-id=\"2dac642e\" data-element_type=\"section\">\n\t\t\t\t\t\t<div class=\"elementor-container elementor-column-gap-wider\">\n\t\t\t\t\t<div class=\"elementor-column elementor-col-100 elementor-inner-column elementor-element elementor-element-44282ddc\" data-id=\"44282ddc\" data-element_type=\"column\">\n\t\t\t<div class=\"elementor-widget-wrap elementor-element-populated\">\n\t\t\t\t\t\t<div class=\"elementor-element elementor-element-59b95ec7 elementor-widget elementor-widget-heading\" data-id=\"59b95ec7\" data-element_type=\"widget\" data-widget_type=\"heading.default\">\n\t\t\t\t<div class=\"elementor-widget-container\">\n\t\t\t<h3 class=\"elementor-heading-title elementor-size-default\">Learn more about our products and services!<\/h3>\t\t<\/div>\n\t\t\t\t<\/div>\n\t\t\t\t<div class=\"elementor-element elementor-element-7c1028a9 elementor-mobile-align-center elementor-tablet-align-center elementor-widget elementor-widget-the7_button_widget\" data-id=\"7c1028a9\" data-element_type=\"widget\" data-widget_type=\"the7_button_widget.default\">\n\t\t\t\t<div class=\"elementor-widget-container\">\n\t\t\t<div class=\"elementor-button-wrapper\"><a href=\"https:\/\/mysa.tc\/en\/iletisim\/\" class=\"box-button elementor-button elementor-size-lg\">Contact Us<i aria-hidden=\"true\" class=\"elementor-button-icon  icomoon-the7-font-the7-mail-03\"><\/i><\/a><\/div>\t\t<\/div>\n\t\t\t\t<\/div>\n\t\t\t\t\t<\/div>\n\t\t<\/div>\n\t\t\t\t\t<\/div>\n\t\t<\/section>\n\t\t\t\t<section class=\"elementor-section elementor-inner-section elementor-element elementor-element-6550bad2 elementor-section-boxed elementor-section-height-default elementor-section-height-default\" data-id=\"6550bad2\" data-element_type=\"section\">\n\t\t\t\t\t\t<div class=\"elementor-container elementor-column-gap-default\">\n\t\t\t\t\t<div class=\"elementor-column elementor-col-50 elementor-inner-column elementor-element elementor-element-5b8fa4ad\" data-id=\"5b8fa4ad\" data-element_type=\"column\">\n\t\t\t<div class=\"elementor-widget-wrap elementor-element-populated\">\n\t\t\t\t\t\t<div class=\"elementor-element elementor-element-68570844 content-align-mobile-center icon-position-mobile-top icon-vertical-align-mobile-center icon-vertical-align-center elementor-widget__width-auto icon-box-vertical-align-top icon-position-left elementor-widget elementor-widget-the7_icon_box_widget\" data-id=\"68570844\" data-element_type=\"widget\" data-widget_type=\"the7_icon_box_widget.default\">\n\t\t\t\t<div class=\"elementor-widget-container\">\n\t\t\t\n\t\t<div class=\"the7-box-wrapper the7-elementor-widget the7_icon_box_widget-68570844\">\t\t\t<div class=\"box-content-wrapper\">\n\t\t\t\t\t\t\t\t\t<a class=\"elementor-icon-div\" href=\"tel: 902165594000\" target=\"_blank\">\t\t\t\t\t\t<div class=\"elementor-icon\">\n\t\t\t\t\t\t\t<i aria-hidden=\"true\" class=\"fas fa-phone-alt\"><\/i>\t\t\t\t\t\t<\/div>\n\t\t\t\t\t<\/a>\t\t\t\t\t\t\t\t<div class=\"box-content\">\n\t\t\t\t\t\t\t\t\t\t\t\t\t\t\t\t\t<h4 class=\"box-heading\">\n\t\t\t\t\t\t\t<a href=\"tel: 902165594000\" target=\"_blank\">\t\t\t\t\t\t\t\t+90 216 559 40 00\t\t\t\t\t\t\t<\/a>\t\t\t\t\t\t<\/h4>\n\t\t\t\t\t\t\t\t\t\t\n\t\t\t\t\t\n\t\t\t\t<\/div>\n\t\t\t<\/div>\n\t\t<\/div>\t\t\t<\/div>\n\t\t\t\t<\/div>\n\t\t\t\t\t<\/div>\n\t\t<\/div>\n\t\t\t\t<div class=\"elementor-column elementor-col-50 elementor-inner-column elementor-element elementor-element-287c1c71\" data-id=\"287c1c71\" data-element_type=\"column\">\n\t\t\t<div class=\"elementor-widget-wrap elementor-element-populated\">\n\t\t\t\t\t\t<div class=\"elementor-element elementor-element-bfaa8e5 content-align-mobile-center icon-position-mobile-top icon-vertical-align-mobile-center icon-vertical-align-center elementor-widget__width-auto icon-box-vertical-align-top icon-position-left elementor-widget elementor-widget-the7_icon_box_widget\" data-id=\"bfaa8e5\" data-element_type=\"widget\" data-widget_type=\"the7_icon_box_widget.default\">\n\t\t\t\t<div class=\"elementor-widget-container\">\n\t\t\t\n\t\t<div class=\"the7-box-wrapper the7-elementor-widget the7_icon_box_widget-bfaa8e5\">\t\t\t<div class=\"box-content-wrapper\">\n\t\t\t\t\t\t\t\t\t<a class=\"elementor-icon-div\" href=\"mailto:info@mysa.tc\">\t\t\t\t\t\t<div class=\"elementor-icon\">\n\t\t\t\t\t\t\t<i aria-hidden=\"true\" class=\"icomoon-the7-font-the7-mail-01\"><\/i>\t\t\t\t\t\t<\/div>\n\t\t\t\t\t<\/a>\t\t\t\t\t\t\t\t<div class=\"box-content\">\n\t\t\t\t\t\t\t\t\t\t\t\t\t\t\t\t\t<h4 class=\"box-heading\">\n\t\t\t\t\t\t\t<a href=\"mailto:info@mysa.tc\">\t\t\t\t\t\t\t\tinfo@mysa.tc\t\t\t\t\t\t\t<\/a>\t\t\t\t\t\t<\/h4>\n\t\t\t\t\t\t\t\t\t\t\n\t\t\t\t\t\n\t\t\t\t<\/div>\n\t\t\t<\/div>\n\t\t<\/div>\t\t\t<\/div>\n\t\t\t\t<\/div>\n\t\t\t\t\t<\/div>\n\t\t<\/div>\n\t\t\t\t\t<\/div>\n\t\t<\/section>\n\t\t\t\t\t<\/div>\n\t\t<\/div>\n\t\t\t\t\t<\/div>\n\t\t<\/section>\n\t\t\t\t<\/div>","protected":false},"excerpt":{"rendered":"<p>Dijital Kimlik Do\u011frulama: Dijital ve Biyometrik Kimlik Do\u011frulama Teknolojiler Dijital ve Biyometrik Kimlik Do\u011frulama Sahte kimlik ve olas\u0131 doland\u0131r\u0131c\u0131l\u0131k tespitinde %99.97 ba\u015far\u0131 oran\u0131 ile end\u00fcstri lideri olan i\u015f orta\u011f\u0131m\u0131z IDVerse firmas\u0131n\u0131n geli\u015ftirdi\u011fi teknoloji sayesinde KYC ve uzaktan m\u00fc\u015fteri edinimi (digital onboarding) s\u00fcre\u00e7lerinizi g\u00fcvenle y\u00fcr\u00fct\u00fcn. Tek bir yaz\u0131l\u0131m ile: M\u00fc\u015fteri deneyiminizi zenginle\u015ftirin. KYC ve AML s\u00fcre\u00e7lerinizi&hellip;<\/p>","protected":false},"author":2,"featured_media":10435,"parent":0,"menu_order":60,"comment_status":"closed","ping_status":"closed","template":"","meta":{"footnotes":""},"class_list":["post-10030","page","type-page","status-publish","has-post-thumbnail","hentry"],"_links":{"self":[{"href":"https:\/\/mysa.tc\/en\/wp-json\/wp\/v2\/pages\/10030","targetHints":{"allow":["GET"]}}],"collection":[{"href":"https:\/\/mysa.tc\/en\/wp-json\/wp\/v2\/pages"}],"about":[{"href":"https:\/\/mysa.tc\/en\/wp-json\/wp\/v2\/types\/page"}],"author":[{"embeddable":true,"href":"https:\/\/mysa.tc\/en\/wp-json\/wp\/v2\/users\/2"}],"replies":[{"embeddable":true,"href":"https:\/\/mysa.tc\/en\/wp-json\/wp\/v2\/comments?post=10030"}],"version-history":[{"count":90,"href":"https:\/\/mysa.tc\/en\/wp-json\/wp\/v2\/pages\/10030\/revisions"}],"predecessor-version":[{"id":11595,"href":"https:\/\/mysa.tc\/en\/wp-json\/wp\/v2\/pages\/10030\/revisions\/11595"}],"wp:featuredmedia":[{"embeddable":true,"href":"https:\/\/mysa.tc\/en\/wp-json\/wp\/v2\/media\/10435"}],"wp:attachment":[{"href":"https:\/\/mysa.tc\/en\/wp-json\/wp\/v2\/media?parent=10030"}],"curies":[{"name":"wp","href":"https:\/\/api.w.org\/{rel}","templated":true}]}}